{"id":97,"date":"2025-04-08T09:02:30","date_gmt":"2025-04-08T09:02:30","guid":{"rendered":"https:\/\/dr-siggelkow.de\/apotheke\/?post_type=product&#038;p=97"},"modified":"2025-04-09T04:48:45","modified_gmt":"2025-04-09T04:48:45","slug":"viri-blue","status":"publish","type":"product","link":"https:\/\/dr-siggelkow.de\/apotheke\/product\/viri-blue\/","title":{"rendered":"Viri Blue"},"content":{"rendered":"<p class=\"\" data-start=\"189\" data-end=\"482\"><strong data-start=\"189\" data-end=\"202\">Viri Blue<\/strong> ist ein starkes Nahrungserg\u00e4nzungsmittel. Es hilft M\u00e4nnern, ihre sexuelle Gesundheit zu verbessern. Es unterst\u00fctzt die Erektion und sorgt f\u00fcr mehr Ausdauer im Bett. Das Produkt enth\u00e4lt sieben nat\u00fcrliche Stoffe \u2013 darunter Vitamine, Mineralien, Pflanzenextrakte und Antioxidantien.<\/p>\n<p class=\"\" data-start=\"484\" data-end=\"605\">Diese Stoffe arbeiten zusammen. Sie f\u00f6rdern den Blutfluss im K\u00f6rper. So wird die Erektion besser, h\u00e4rter und h\u00e4lt l\u00e4nger.<\/p>\n<hr class=\"\" data-start=\"607\" data-end=\"610\" \/>\n<h3 class=\"\" data-start=\"612\" data-end=\"644\"><strong data-start=\"616\" data-end=\"644\">Wof\u00fcr ist Viri Blue gut?<\/strong><\/h3>\n<ul data-start=\"646\" data-end=\"836\">\n<li class=\"\" data-start=\"646\" data-end=\"679\">\n<p class=\"\" data-start=\"648\" data-end=\"679\">Es steigert die Lust auf Sex.<\/p>\n<\/li>\n<li class=\"\" data-start=\"680\" data-end=\"721\">\n<p class=\"\" data-start=\"682\" data-end=\"721\">Es verl\u00e4ngert den Geschlechtsverkehr.<\/p>\n<\/li>\n<li class=\"\" data-start=\"722\" data-end=\"765\">\n<p class=\"\" data-start=\"724\" data-end=\"765\">Es hilft, mehr Spermien zu produzieren.<\/p>\n<\/li>\n<li class=\"\" data-start=\"766\" data-end=\"796\">\n<p class=\"\" data-start=\"768\" data-end=\"796\">Es verst\u00e4rkt den Orgasmus.<\/p>\n<\/li>\n<li class=\"\" data-start=\"797\" data-end=\"836\">\n<p class=\"\" data-start=\"799\" data-end=\"836\">Es macht die Ejakulation kr\u00e4ftiger.<\/p>\n<\/li>\n<\/ul>\n<p class=\"\" data-start=\"838\" data-end=\"971\">Viele M\u00e4nner berichten \u00fcber sehr gute Ergebnisse. Laut Studien f\u00fchlen sich viele Nutzer fitter, selbstbewusster und leistungsf\u00e4higer.<\/p>\n<p><a href=\"https:\/\/dr-siggelkow.deapothekeapothekeapothekeapotheke\/apotheke\/go\/virilblue\"><strong>\ud83d\udc49 RABATTE &#8211; 55 % + kostenloser Versand f\u00fcr\u00a0Viri Blue \u2013 Begrenzte Zeit \u2013 JETZT KAUFEN! \ud83d\udc48<\/strong><\/a><\/p>\n<hr class=\"\" data-start=\"973\" data-end=\"976\" \/>\n<h3 class=\"\" data-start=\"978\" data-end=\"1014\"><strong data-start=\"982\" data-end=\"1014\">Wie nimmt man Viri Blue ein?<\/strong><\/h3>\n<p class=\"\" data-start=\"1016\" data-end=\"1041\">Die Einnahme ist einfach:<\/p>\n<ul data-start=\"1043\" data-end=\"1118\">\n<li class=\"\" data-start=\"1043\" data-end=\"1085\">\n<p class=\"\" data-start=\"1045\" data-end=\"1085\">Nimm <strong data-start=\"1050\" data-end=\"1083\">eine Tablette mit viel Wasser<\/strong><\/p>\n<\/li>\n<li class=\"\" data-start=\"1086\" data-end=\"1118\">\n<p class=\"\" data-start=\"1088\" data-end=\"1118\"><strong data-start=\"1088\" data-end=\"1118\">Etwa 5 Minuten vor dem Sex<\/strong><\/p>\n<\/li>\n<\/ul>\n<p class=\"\" data-start=\"1120\" data-end=\"1238\">So kann das Produkt am besten wirken. Du solltest auch die Hinweise auf der Packung oder der Hersteller-Website lesen.<\/p>\n<hr class=\"\" data-start=\"1240\" data-end=\"1243\" \/>\n<h3 class=\"\" data-start=\"1245\" data-end=\"1274\"><strong data-start=\"1249\" data-end=\"1274\">Was kostet Viri Blue?<\/strong><\/h3>\n<ul data-start=\"1276\" data-end=\"1398\">\n<li class=\"\" data-start=\"1276\" data-end=\"1314\">\n<p class=\"\" data-start=\"1278\" data-end=\"1314\">Der aktuelle Preis ist <strong data-start=\"1301\" data-end=\"1312\">39,00 \u20ac<\/strong><\/p>\n<\/li>\n<li class=\"\" data-start=\"1315\" data-end=\"1348\">\n<p class=\"\" data-start=\"1317\" data-end=\"1348\">Vorher kostete es <strong data-start=\"1335\" data-end=\"1346\">54,00 \u20ac<\/strong><\/p>\n<\/li>\n<li class=\"\" data-start=\"1349\" data-end=\"1398\">\n<p class=\"\" data-start=\"1351\" data-end=\"1398\">Es gibt oft <strong data-start=\"1363\" data-end=\"1398\">Rabatte auf der Herstellerseite<\/strong><\/p>\n<\/li>\n<\/ul>\n<hr class=\"\" data-start=\"1400\" data-end=\"1403\" \/>\n<h3 class=\"\" data-start=\"1405\" data-end=\"1442\"><strong data-start=\"1409\" data-end=\"1442\">Wo kann man Viri Blue kaufen?<\/strong><\/h3>\n<p class=\"\" data-start=\"1444\" data-end=\"1620\">Du bekommst <strong data-start=\"1456\" data-end=\"1502\">Viri Blue nur auf der <a href=\"https:\/\/dr-siggelkow.deapothekeapothekeapothekeapotheke\/apotheke\/go\/virilblue\">offiziellen Webseite<\/a><\/strong> des Herstellers.<\/p>\n<p class=\"\" data-start=\"1444\" data-end=\"1620\">Es ist <strong data-start=\"1529\" data-end=\"1551\">nicht in Apotheken<\/strong> oder bei <strong data-start=\"1561\" data-end=\"1567\">DM<\/strong> zu finden. Auch <strong data-start=\"1584\" data-end=\"1594\">Amazon<\/strong> bietet es meist nicht an.<\/p>\n<p class=\"\" data-start=\"1622\" data-end=\"1757\">Warum\u00a0<strong data-start=\"1890\" data-end=\"1925\">Viri Blue<\/strong>?<\/p>\n<p class=\"\" data-start=\"1622\" data-end=\"1757\">Der Hersteller will F\u00e4lschungen vermeiden. So bekommst du <strong data-start=\"1689\" data-end=\"1719\">immer das Original-Produkt<\/strong> \u2013 direkt zu dir nach Hause geliefert.<\/p>\n<p class=\"\" data-start=\"1759\" data-end=\"1785\">Vorteile des Online-Kaufs:<\/p>\n<ul data-start=\"1787\" data-end=\"1879\">\n<li class=\"\" data-start=\"1787\" data-end=\"1812\">\n<p class=\"\" data-start=\"1789\" data-end=\"1812\">Keine Zwischenh\u00e4ndler<\/p>\n<\/li>\n<li class=\"\" data-start=\"1813\" data-end=\"1835\">\n<p class=\"\" data-start=\"1815\" data-end=\"1835\">Schnelle Lieferung<\/p>\n<\/li>\n<li class=\"\" data-start=\"1836\" data-end=\"1857\">\n<p class=\"\" data-start=\"1838\" data-end=\"1857\">Aktuelle Angebote<\/p>\n<\/li>\n<li class=\"\" data-start=\"1858\" data-end=\"1879\">\n<p class=\"\" data-start=\"1860\" data-end=\"1879\">Sichere Bezahlung<\/p>\n<\/li>\n<\/ul>\n<hr class=\"\" data-start=\"1881\" data-end=\"1884\" \/>\n<h3 class=\"\" data-start=\"1886\" data-end=\"1925\"><strong data-start=\"1890\" data-end=\"1925\">Was ist in Viri Blue enthalten?<\/strong><\/h3>\n<p class=\"\" data-start=\"1927\" data-end=\"2015\">Die besondere Wirkung von Viri Blue kommt von seiner einzigartigen Mischung. Es enth\u00e4lt:<\/p>\n<ul data-start=\"2017\" data-end=\"2313\">\n<li class=\"\" data-start=\"2017\" data-end=\"2081\">\n<p class=\"\" data-start=\"2019\" data-end=\"2081\"><strong data-start=\"2019\" data-end=\"2033\">Mineralien<\/strong>: F\u00fcr besseren Stoffwechsel und gesunde Zellen<\/p>\n<\/li>\n<li class=\"\" data-start=\"2082\" data-end=\"2146\">\n<p class=\"\" data-start=\"2084\" data-end=\"2146\"><strong data-start=\"2084\" data-end=\"2104\">Pflanzenextrakte<\/strong>: F\u00fcr mehr Lust und bessere Durchblutung<\/p>\n<\/li>\n<li class=\"\" data-start=\"2147\" data-end=\"2208\">\n<p class=\"\" data-start=\"2149\" data-end=\"2208\"><strong data-start=\"2149\" data-end=\"2164\">Carotinoide<\/strong>: Sch\u00fctzen die Zellen durch Antioxidantien<\/p>\n<\/li>\n<li class=\"\" data-start=\"2209\" data-end=\"2249\">\n<p class=\"\" data-start=\"2211\" data-end=\"2249\"><strong data-start=\"2211\" data-end=\"2224\">Octosanol<\/strong>: Steigert die Ausdauer<\/p>\n<\/li>\n<li class=\"\" data-start=\"2250\" data-end=\"2313\">\n<p class=\"\" data-start=\"2252\" data-end=\"2313\"><strong data-start=\"2252\" data-end=\"2270\">Antioxidantien<\/strong>: Helfen dem K\u00f6rper, sich zu regenerieren<\/p>\n<\/li>\n<\/ul>\n<p class=\"\" data-start=\"2315\" data-end=\"2462\">Diese nat\u00fcrlichen Stoffe machen Viri Blue zu einem starken Helfer f\u00fcr M\u00e4nner, die ihre sexuelle Gesundheit auf nat\u00fcrliche Weise verbessern m\u00f6chten.<\/p>\n<hr class=\"\" data-start=\"2464\" data-end=\"2467\" \/>\n<h3 class=\"\" data-start=\"2469\" data-end=\"2509\"><strong data-start=\"2473\" data-end=\"2509\">Was sagen Nutzer \u00fcber Viri Blue?<\/strong><\/h3>\n<p class=\"\" data-start=\"2511\" data-end=\"2548\">Hier sind ein paar echte Bewertungen:<\/p>\n<ul data-start=\"2550\" data-end=\"2815\">\n<li class=\"\" data-start=\"2550\" data-end=\"2643\">\n<p class=\"\" data-start=\"2552\" data-end=\"2643\"><strong data-start=\"2552\" data-end=\"2567\">Markus (45)<\/strong>: \u201eIch f\u00fchle mich viel energiegeladener. Sehr zufrieden mit dem Ergebnis.\u201c<\/p>\n<\/li>\n<li class=\"\" data-start=\"2644\" data-end=\"2728\">\n<p class=\"\" data-start=\"2646\" data-end=\"2728\"><strong data-start=\"2646\" data-end=\"2661\">Sabine (38)<\/strong>: \u201eEin super Produkt. Mein Partner und ich sind beide gl\u00fccklich.\u201c<\/p>\n<\/li>\n<li class=\"\" data-start=\"2729\" data-end=\"2815\">\n<p class=\"\" data-start=\"2731\" data-end=\"2815\"><strong data-start=\"2731\" data-end=\"2746\">Thomas (50)<\/strong>: \u201eIch war skeptisch, aber nach ein paar Tagen war ich begeistert.\u201c<\/p>\n<\/li>\n<\/ul>\n<p class=\"\" data-start=\"2817\" data-end=\"2879\">Diese Erfahrungen zeigen: <strong data-start=\"2843\" data-end=\"2879\">Viri Blue hilft vielen Menschen.<\/strong><\/p>\n<p data-start=\"2817\" data-end=\"2879\"><a href=\"https:\/\/dr-siggelkow.deapothekeapothekeapothekeapotheke\/apotheke\/go\/virilblue\"><strong>\ud83d\udc49 RABATTE &#8211; 55 % + kostenloser Versand f\u00fcr\u00a0Viri Blue \u2013 Begrenzte Zeit \u2013 JETZT KAUFEN! \ud83d\udc48<\/strong><\/a><\/p>\n<hr class=\"\" data-start=\"2881\" data-end=\"2884\" \/>\n<h3 class=\"\" data-start=\"2886\" data-end=\"2929\"><strong data-start=\"2890\" data-end=\"2929\">Welche Wirkung hat Viri Blue genau?<\/strong><\/h3>\n<ul data-start=\"2931\" data-end=\"3073\">\n<li class=\"\" data-start=\"2931\" data-end=\"2954\">\n<p class=\"\" data-start=\"2933\" data-end=\"2954\">St\u00e4rkt die Erektion<\/p>\n<\/li>\n<li class=\"\" data-start=\"2955\" data-end=\"2984\">\n<p class=\"\" data-start=\"2957\" data-end=\"2984\">Macht Orgasmen intensiver<\/p>\n<\/li>\n<li class=\"\" data-start=\"2985\" data-end=\"3011\">\n<p class=\"\" data-start=\"2987\" data-end=\"3011\">Sorgt f\u00fcr mehr Energie<\/p>\n<\/li>\n<li class=\"\" data-start=\"3012\" data-end=\"3041\">\n<p class=\"\" data-start=\"3014\" data-end=\"3041\">Gibt mehr Selbstvertrauen<\/p>\n<\/li>\n<li class=\"\" data-start=\"3042\" data-end=\"3073\">\n<p class=\"\" data-start=\"3044\" data-end=\"3073\">Unterst\u00fctzt das Liebesleben<\/p>\n<\/li>\n<\/ul>\n<p class=\"\" data-start=\"3075\" data-end=\"3191\">Bei regelm\u00e4\u00dfiger Einnahme verbessern sich oft auch andere Dinge, wie Stimmung, Fitness und allgemeines Wohlbefinden.<\/p>\n<hr class=\"\" data-start=\"3193\" data-end=\"3196\" \/>\n<p class=\"\" data-start=\"3198\" data-end=\"3416\">Wenn du also nach einer <strong data-start=\"3222\" data-end=\"3260\">nat\u00fcrlichen Hilfe f\u00fcr besseren Sex<\/strong> suchst \u2013 k\u00f6nnte Viri Blue genau das Richtige sein. Aber denke daran: Lies immer die Anleitung und konsultiere bei gesundheitlichen Fragen auch deinen Arzt.<\/p>\n<p data-start=\"3198\" data-end=\"3416\">\n        <div style=\"padding:5px;\">\n<div class=\"scroll-offer-box\">\n  <span class=\"offer-text\">\n   <a href=\"https:\/\/dr-siggelkow.de\/apotheke\/go\/virilblue-\" target=\"_blank\" style=\"color: black;\"><strong>SPAREN SIE 70% HEUTE!<\/strong><\/a>\n<a href=\"https:\/\/dr-siggelkow.de\/apotheke\/go\/virilblue-\" target=\"_blank\" class=\"offer-btn\">Gutscheincode!!<\/a><\/span>\n<\/div>\n        <\/div><\/p>\n","protected":false},"excerpt":{"rendered":"<p>Viri Blue ist ein starkes Nahrungserg\u00e4nzungsmittel. Es hilft M\u00e4nnern, ihre sexuelle Gesundheit zu verbessern. Es unterst\u00fctzt die Erektion und sorgt f\u00fcr mehr Ausdauer im Bett. Das Produkt enth\u00e4lt sieben nat\u00fcrliche Stoffe \u2013 darunter Vitamine, Mineralien, Pflanzenextrakte und Antioxidantien. Diese Stoffe arbeiten zusammen. Sie f\u00f6rdern den Blutfluss im K\u00f6rper. So wird die Erektion besser, h\u00e4rter und &#8230; <a title=\"Viri Blue\" class=\"read-more\" href=\"https:\/\/dr-siggelkow.de\/apotheke\/product\/viri-blue\/\" aria-label=\"Mehr Informationen \u00fcber Viri Blue\">Weiterlesen &#8230;<\/a><\/p>\n","protected":false},"featured_media":131,"comment_status":"open","ping_status":"closed","template":"","meta":[],"product_brand":[],"product_cat":[18],"product_tag":[],"class_list":{"0":"post-97","1":"product","2":"type-product","3":"status-publish","4":"has-post-thumbnail","6":"product_cat-gesundheit","7":"sales-flash-overlay","8":"woocommerce-text-align-center","9":"woocommerce-image-align-center","10":"do-quantity-buttons","12":"first","13":"instock","14":"sale","15":"shipping-taxable","16":"product-type-external"},"_links":{"self":[{"href":"https:\/\/dr-siggelkow.de\/apotheke\/wp-json\/wp\/v2\/product\/97","targetHints":{"allow":["GET"]}}],"collection":[{"href":"https:\/\/dr-siggelkow.de\/apotheke\/wp-json\/wp\/v2\/product"}],"about":[{"href":"https:\/\/dr-siggelkow.de\/apotheke\/wp-json\/wp\/v2\/types\/product"}],"replies":[{"embeddable":true,"href":"https:\/\/dr-siggelkow.de\/apotheke\/wp-json\/wp\/v2\/comments?post=97"}],"wp:featuredmedia":[{"embeddable":true,"href":"https:\/\/dr-siggelkow.de\/apotheke\/wp-json\/wp\/v2\/media\/131"}],"wp:attachment":[{"href":"https:\/\/dr-siggelkow.de\/apotheke\/wp-json\/wp\/v2\/media?parent=97"}],"wp:term":[{"taxonomy":"product_brand","embeddable":true,"href":"https:\/\/dr-siggelkow.de\/apotheke\/wp-json\/wp\/v2\/product_brand?post=97"},{"taxonomy":"product_cat","embeddable":true,"href":"https:\/\/dr-siggelkow.de\/apotheke\/wp-json\/wp\/v2\/product_cat?post=97"},{"taxonomy":"product_tag","embeddable":true,"href":"https:\/\/dr-siggelkow.de\/apotheke\/wp-json\/wp\/v2\/product_tag?post=97"}],"curies":[{"name":"wp","href":"https:\/\/api.w.org\/{rel}","templated":true}]}}