{"id":74,"date":"2025-04-03T15:22:49","date_gmt":"2025-04-03T15:22:49","guid":{"rendered":"https:\/\/dr-siggelkow.de\/apotheke\/?post_type=product&#038;p=74"},"modified":"2025-04-09T04:49:26","modified_gmt":"2025-04-09T04:49:26","slug":"figurol","status":"publish","type":"product","link":"https:\/\/dr-siggelkow.de\/apotheke\/product\/figurol\/","title":{"rendered":"Figurol"},"content":{"rendered":"<h2 data-start=\"555\" data-end=\"581\"><strong>Figurol Bewertung<\/strong><\/h2>\n<p class=\"\" data-start=\"145\" data-end=\"414\">Viele Menschen wollen schnell und einfach abnehmen. <strong data-start=\"197\" data-end=\"216\">Figurol Kapseln<\/strong> versprechen genau das \u2013 sogar bei starkem \u00dcbergewicht. Laut Hersteller helfen sie nicht nur beim <strong data-start=\"314\" data-end=\"327\">Fettabbau<\/strong>, sondern sollen auch die <strong data-start=\"353\" data-end=\"382\">Darmgesundheit verbessern<\/strong> und <strong data-start=\"387\" data-end=\"403\">mehr Energie<\/strong> liefern.<\/p>\n<p class=\"\" data-start=\"416\" data-end=\"576\">Doch was ist wirklich dran an diesen Versprechen? Wir haben die wichtigsten Informationen zu <strong data-start=\"509\" data-end=\"549\">Figurol Premium Body Balance Kapseln<\/strong> f\u00fcr Sie zusammengefasst.<\/p>\n<hr class=\"\" data-start=\"578\" data-end=\"581\" \/>\n<h3 class=\"\" data-start=\"583\" data-end=\"609\"><strong data-start=\"587\" data-end=\"607\">Was ist Figurol?<\/strong><\/h3>\n<p class=\"\" data-start=\"611\" data-end=\"835\">Figurol ist ein <strong data-start=\"627\" data-end=\"669\">Nahrungserg\u00e4nzungsmittel in Kapselform<\/strong>, das gezielt f\u00fcr die <strong data-start=\"691\" data-end=\"710\">Gewichtsabnahme<\/strong> entwickelt wurde. Es ist nur <strong data-start=\"740\" data-end=\"750\">online<\/strong> erh\u00e4ltlich und enth\u00e4lt eine spezielle Mischung aus <strong data-start=\"802\" data-end=\"832\">nat\u00fcrlichen Inhaltsstoffen<\/strong>.<\/p>\n<p class=\"\" data-start=\"837\" data-end=\"1124\">\ud83d\udca1 <strong data-start=\"840\" data-end=\"863\">Wie soll es wirken?<\/strong><br data-start=\"863\" data-end=\"866\" \/>\u2714 <strong data-start=\"868\" data-end=\"898\">Aktiviert den Stoffwechsel<\/strong> f\u00fcr eine bessere Fettverbrennung<br data-start=\"931\" data-end=\"934\" \/>\u2714 <strong data-start=\"936\" data-end=\"969\">Nutzen Fett als Energiequelle<\/strong>, um Abnehmen zu erleichtern<br data-start=\"997\" data-end=\"1000\" \/>\u2714 <strong data-start=\"1002\" data-end=\"1047\">Kann ohne Ern\u00e4hrungsumstellung oder Sport<\/strong> helfen<br data-start=\"1054\" data-end=\"1057\" \/>\u2714 <strong data-start=\"1059\" data-end=\"1093\">Unterst\u00fctzt die Darmgesundheit<\/strong> und f\u00f6rdert das Wohlbefinden<\/p>\n<p class=\"\" data-start=\"1126\" data-end=\"1238\"><a href=\"https:\/\/dr-siggelkow.deapothekeapothekeapothekeapotheke\/apotheke\/go\/figurol\">Der Hersteller verspricht eine <strong data-start=\"1157\" data-end=\"1181\">gute Vertr\u00e4glichkeit<\/strong>, da nur <strong data-start=\"1190\" data-end=\"1218\">nat\u00fcrliche Inhaltsstoffe<\/strong> verwendet werden.<\/a><\/p>\n<hr class=\"\" data-start=\"1240\" data-end=\"1243\" \/>\n<h3 class=\"\" data-start=\"1245\" data-end=\"1291\"><strong data-start=\"1249\" data-end=\"1289\">Gibt es Rabatte f\u00fcr Figurol Kapseln?<\/strong><\/h3>\n<p class=\"\" data-start=\"1293\" data-end=\"1437\">Viele fragen nach <strong data-start=\"1311\" data-end=\"1348\">Rabattaktionen und Gutscheincodes<\/strong> f\u00fcr Figurol. Aktuell gibt es ein <strong data-start=\"1382\" data-end=\"1399\">Sonderangebot<\/strong>, das nur f\u00fcr kurze Zeit g\u00fcltig ist.<\/p>\n<p class=\"\" data-start=\"1439\" data-end=\"1639\">\ud83d\uded2 <strong data-start=\"1442\" data-end=\"1482\">Figurol Kapseln \u2013 Aktuelles Angebot:<\/strong><br data-start=\"1482\" data-end=\"1485\" \/>\u2705 <strong data-start=\"1487\" data-end=\"1517\">Effektiver Gewichtsverlust<\/strong><br data-start=\"1517\" data-end=\"1520\" \/>\u2705 <strong data-start=\"1522\" data-end=\"1546\">Reduziert Hei\u00dfhunger<\/strong><br data-start=\"1546\" data-end=\"1549\" \/>\u2705 <strong data-start=\"1551\" data-end=\"1585\">Keine bekannten Nebenwirkungen<\/strong><br data-start=\"1585\" data-end=\"1588\" \/>\ud83d\udcb0 <strong data-start=\"1591\" data-end=\"1601\">Preis:<\/strong> 49,95 Euro<br data-start=\"1612\" data-end=\"1615\" \/>\u2b50 <strong data-start=\"1617\" data-end=\"1631\">Bewertung:<\/strong> \u2b50\u2b50\u2b50\u2b50\u2b50<\/p>\n<p class=\"\" data-start=\"1641\" data-end=\"1692\"><strong data-start=\"1641\" data-end=\"1690\">\ud83d\udc49 HIER KLICKEN, UM DEN RABATT ZU SICHERN! \ud83d\udc48<\/strong><\/p>\n<h3 class=\"\" data-start=\"89\" data-end=\"154\"><strong data-start=\"93\" data-end=\"152\">Figurol Erfahrungen und Bewertungen \u2013 Was sagen Nutzer?<\/strong><\/h3>\n<p class=\"\" data-start=\"156\" data-end=\"387\">Um herauszufinden, wie gut <strong data-start=\"183\" data-end=\"202\">Figurol Kapseln<\/strong> wirklich wirken, haben wir uns zahlreiche <strong data-start=\"245\" data-end=\"267\">Erfahrungsberichte<\/strong> im Internet angesehen. Diese stammen von der <strong data-start=\"313\" data-end=\"335\">Hersteller-Website<\/strong>, <strong data-start=\"337\" data-end=\"356\">sozialen Medien<\/strong> und verschiedenen <strong data-start=\"375\" data-end=\"384\">Foren<\/strong>.<\/p>\n<p class=\"\" data-start=\"389\" data-end=\"446\">Das Ergebnis? <strong data-start=\"403\" data-end=\"444\">Die meisten Bewertungen sind positiv!<\/strong><\/p>\n<p class=\"\" data-start=\"448\" data-end=\"711\">Viele Nutzer berichten, dass sie schon nach kurzer Zeit <strong data-start=\"504\" data-end=\"535\">erste Erfolge beim Abnehmen<\/strong> sehen konnten. Neben dem <strong data-start=\"561\" data-end=\"580\">Gewichtsverlust<\/strong> wird oft von <strong data-start=\"594\" data-end=\"610\">mehr Energie<\/strong> und einer <strong data-start=\"621\" data-end=\"643\">besseren Verdauung<\/strong> gesprochen. Auch die <strong data-start=\"665\" data-end=\"684\">Vertr\u00e4glichkeit<\/strong> der Kapseln wird gelobt.<\/p>\n<p class=\"\" data-start=\"713\" data-end=\"756\">Hier einige <strong data-start=\"725\" data-end=\"753\">echte Erfahrungsberichte<\/strong>:<\/p>\n<p class=\"\" data-start=\"758\" data-end=\"922\">\ud83d\udcac <strong data-start=\"761\" data-end=\"783\">Felix Baumgartner:<\/strong><br data-start=\"783\" data-end=\"786\" \/><em data-start=\"786\" data-end=\"920\">&#8222;Top! Figurol hat super gewirkt. Die Lieferung ging schnell und die Einnahme ist einfach. Ich bin zufrieden und empfehle es weiter.&#8220;<\/em><\/p>\n<p class=\"\" data-start=\"924\" data-end=\"1206\">\ud83d\udcac <strong data-start=\"927\" data-end=\"940\">Julii_29:<\/strong><br data-start=\"940\" data-end=\"943\" \/><em data-start=\"943\" data-end=\"1204\">&#8222;Ich nehme Figurol seit 3 Monaten und bin begeistert! Ich habe vorher viele andere Produkte getestet, aber keines hat so schnell funktioniert. Meine Verdauung ist besser, und ich f\u00fchle mich voller Energie. Auch der Kundenservice war freundlich und hilfreich.&#8220;<\/em><\/p>\n<p class=\"\" data-start=\"1208\" data-end=\"1442\">\ud83d\udcac <strong data-start=\"1211\" data-end=\"1230\">LauraSchneider:<\/strong><br data-start=\"1230\" data-end=\"1233\" \/><em data-start=\"1233\" data-end=\"1440\">&#8222;In den ersten zwei Wochen habe ich 3 kg abgenommen, ohne meine Ern\u00e4hrung gro\u00df zu \u00e4ndern. Mein Hunger ist weniger, und ich f\u00fchle mich nicht mehr so aufgebl\u00e4ht. F\u00fcr die Qualit\u00e4t ist der Preis absolut fair.&#8220;<\/em><\/p>\n<hr class=\"\" data-start=\"1444\" data-end=\"1447\" \/>\n<h3 class=\"\" data-start=\"1449\" data-end=\"1507\"><strong data-start=\"1453\" data-end=\"1505\">Figurol Test \u2013 Wie gut funktioniert es wirklich?<\/strong><\/h3>\n<p class=\"\" data-start=\"1509\" data-end=\"1603\">Um die Wirkung von Figurol <strong data-start=\"1536\" data-end=\"1548\">objektiv<\/strong> zu testen, haben wir eine <strong data-start=\"1575\" data-end=\"1589\">Testperson<\/strong> ausgew\u00e4hlt:<\/p>\n<p class=\"\" data-start=\"1605\" data-end=\"1790\">\ud83d\udc69 <strong data-start=\"1608\" data-end=\"1631\">Jennifer, 36 Jahre:<\/strong><br data-start=\"1631\" data-end=\"1634\" \/>\u2705 Hatte w\u00e4hrend der Schwangerschaft <strong data-start=\"1670\" data-end=\"1690\">14 kg zugenommen<\/strong><br data-start=\"1690\" data-end=\"1693\" \/>\u2705 Hatte bisher <strong data-start=\"1708\" data-end=\"1736\">keinen Erfolg mit Di\u00e4ten<\/strong><br data-start=\"1736\" data-end=\"1739\" \/>\u2705 Wollte Gewicht verlieren und mehr Energie haben<\/p>\n<p class=\"\" data-start=\"1792\" data-end=\"1980\">\ud83d\udcc5 <strong data-start=\"1795\" data-end=\"1805\">Tag 1:<\/strong><br data-start=\"1805\" data-end=\"1808\" \/>Jennifer startete mit <strong data-start=\"1830\" data-end=\"1841\">80,5 kg<\/strong> (bei 1,65 m K\u00f6rpergr\u00f6\u00dfe) und nahm t\u00e4glich <strong data-start=\"1884\" data-end=\"1897\">2 Kapseln<\/strong> ein. Sie \u00e4nderte ihre Ern\u00e4hrung nicht, um das Testergebnis nicht zu verf\u00e4lschen.<\/p>\n<p class=\"\" data-start=\"1982\" data-end=\"2111\">\ud83d\udcc5 <strong data-start=\"1985\" data-end=\"1996\">Tag 15:<\/strong><br data-start=\"1996\" data-end=\"1999\" \/>Nach zwei Wochen hatte sie <strong data-start=\"2026\" data-end=\"2045\">2,9 kg verloren<\/strong>. Sie f\u00fchlte sich <strong data-start=\"2063\" data-end=\"2073\">fitter<\/strong> und hatte <strong data-start=\"2084\" data-end=\"2108\">keine Nebenwirkungen<\/strong>.<\/p>\n<p class=\"\" data-start=\"2113\" data-end=\"2316\">\ud83d\udcc5 <strong data-start=\"2116\" data-end=\"2127\">Tag 30:<\/strong><br data-start=\"2127\" data-end=\"2130\" \/>Nach einem Monat hatte sie insgesamt <strong data-start=\"2167\" data-end=\"2188\">4,6 kg abgenommen<\/strong>. Ihr <strong data-start=\"2194\" data-end=\"2217\">Appetit war weniger<\/strong>, und sie hatte <strong data-start=\"2233\" data-end=\"2261\">keine Hei\u00dfhungerattacken<\/strong> mehr. Auch ihre <strong data-start=\"2278\" data-end=\"2291\">Verdauung<\/strong> hatte sich verbessert.<\/p>\n<p class=\"\" data-start=\"2318\" data-end=\"2381\"><a href=\"https:\/\/dr-siggelkow.deapothekeapothekeapothekeapotheke\/apotheke\/go\/figurol\">\u2705 <strong data-start=\"2320\" data-end=\"2337\">Testergebnis:<\/strong> <strong data-start=\"2338\" data-end=\"2379\">Figurol zeigte eine sp\u00fcrbare Wirkung!<\/strong><\/a><\/p>\n<h3 class=\"\" data-start=\"37\" data-end=\"89\"><strong data-start=\"41\" data-end=\"87\">F\u00fcr wen sind die Figurol Kapseln geeignet?<\/strong><\/h3>\n<p class=\"\" data-start=\"90\" data-end=\"405\">Die <strong data-start=\"94\" data-end=\"134\">Figurol Premium Body Balance Kapseln<\/strong> sind f\u00fcr Erwachsene gedacht, die auf nat\u00fcrliche Weise ihr K\u00f6rpergewicht reduzieren m\u00f6chten. Die Inhaltsstoffe in den Kapseln sind speziell darauf abgestimmt, den <strong data-start=\"297\" data-end=\"327\">Stoffwechsel zu aktivieren<\/strong> und die <strong data-start=\"336\" data-end=\"366\">Fettverbrennung zu f\u00f6rdern<\/strong>, was zu einer Gewichtsreduktion f\u00fchrt.<\/p>\n<p class=\"\" data-start=\"407\" data-end=\"762\">Diese Kapseln sind besonders vorteilhaft f\u00fcr Menschen, die mit <strong data-start=\"470\" data-end=\"493\">starkem \u00dcbergewicht<\/strong> oder <strong data-start=\"499\" data-end=\"513\">Adipositas<\/strong> k\u00e4mpfen. Sie bieten Unterst\u00fctzung bei der langfristigen <strong data-start=\"570\" data-end=\"591\">Gewichtskontrolle<\/strong>, um ein erreichtes Wunschgewicht zu halten. Zudem helfen sie dabei, <strong data-start=\"660\" data-end=\"683\">Energie zu steigern<\/strong> und f\u00f6rdern die <strong data-start=\"700\" data-end=\"718\">Darmgesundheit<\/strong>, was die allgemeine Gesundheit unterst\u00fctzt.<\/p>\n<h3 class=\"\" data-start=\"764\" data-end=\"815\"><strong data-start=\"768\" data-end=\"813\">Gibt es einen Figurol Stiftung Warentest?<\/strong><\/h3>\n<p class=\"\" data-start=\"816\" data-end=\"1078\">Trotz der hohen Nachfrage nach <strong data-start=\"847\" data-end=\"900\">Stoffwechsel-anregenden Nahrungserg\u00e4nzungsmitteln<\/strong> hat die <strong data-start=\"909\" data-end=\"931\">Stiftung Warentest<\/strong> bisher keine Bewertung der <strong data-start=\"959\" data-end=\"978\">Figurol Kapseln<\/strong> ver\u00f6ffentlicht. Das Produkt wurde bislang also nicht von dieser unabh\u00e4ngigen Organisation getestet.<\/p>\n<h3 class=\"\" data-start=\"1080\" data-end=\"1133\"><strong data-start=\"1084\" data-end=\"1131\">Gibt es andere Studien oder Testergebnisse?<\/strong><\/h3>\n<p class=\"\" data-start=\"1134\" data-end=\"1477\">Laut Hersteller wurden die <strong data-start=\"1161\" data-end=\"1201\">Figurol Premium Body Balance Kapseln<\/strong> in <strong data-start=\"1205\" data-end=\"1235\">wissenschaftlichen Studien<\/strong> getestet. In diesen Studien berichteten 80 % der Teilnehmer von einer durchschnittlichen <strong data-start=\"1325\" data-end=\"1365\">Gewichtsreduktion von 8 kg pro Monat<\/strong>. Auch unabh\u00e4ngige Testberichte und <strong data-start=\"1401\" data-end=\"1437\">Erfahrungsberichte von Anwendern<\/strong> best\u00e4tigen die Wirksamkeit der Kapseln.<\/p>\n<p class=\"\" data-start=\"1479\" data-end=\"1646\">Zus\u00e4tzlich belegen wissenschaftliche Studien die positive Wirkung der <strong data-start=\"1549\" data-end=\"1576\">einzelnen Inhaltsstoffe<\/strong>, die den Stoffwechsel anregen und die Fettverbrennung f\u00f6rdern k\u00f6nnen.<\/p>\n<h3 class=\"\" data-start=\"1648\" data-end=\"1688\"><strong data-start=\"1652\" data-end=\"1686\">Figurol Einnahme und Dosierung<\/strong><\/h3>\n<p class=\"\" data-start=\"1689\" data-end=\"2028\">Die Einnahme der <strong data-start=\"1706\" data-end=\"1725\">Figurol Kapseln<\/strong> ist einfach und l\u00e4sst sich leicht in den Alltag integrieren. Um die beste Wirkung zu erzielen, sollten Sie die vom Hersteller empfohlene Dosierung einhalten. Laut Packungsbeilage sollen t\u00e4glich <strong data-start=\"1920\" data-end=\"1936\">zwei Kapseln<\/strong> mit ausreichend <strong data-start=\"1953\" data-end=\"1968\">Fl\u00fcssigkeit<\/strong>, idealerweise zwei gro\u00dfe Gl\u00e4ser Wasser, eingenommen werden.<\/p>\n<p class=\"\" data-start=\"2030\" data-end=\"2361\">F\u00fcr eine optimale Wirkung empfiehlt der Hersteller, die Kapseln etwa <strong data-start=\"2099\" data-end=\"2139\">15 bis 30 Minuten vor einer Mahlzeit<\/strong> oder direkt w\u00e4hrend des Essens zu nehmen. Die Kapseln sind klein und leicht zu schlucken. F\u00fcr Personen, die Schwierigkeiten beim Schlucken haben, k\u00f6nnen die Kapseln auch ge\u00f6ffnet und das Pulver in Wasser aufgel\u00f6st werden.<\/p>\n<h4 class=\"\" data-start=\"19\" data-end=\"56\"><strong data-start=\"24\" data-end=\"56\">Wirkung und Wirkungseintritt<\/strong><\/h4>\n<p class=\"\" data-start=\"57\" data-end=\"402\">Laut Hersteller basiert <strong data-start=\"81\" data-end=\"92\">Figurol<\/strong> auf mehreren Mechanismen, die den Gewichtsverlust unterst\u00fctzen und gleichzeitig das allgemeine Wohlbefinden steigern. Zu den versprochenen Vorteilen z\u00e4hlen ein verbessertes Energieniveau und eine positive Wirkung auf die <strong data-start=\"314\" data-end=\"332\">Darmgesundheit<\/strong>. Der Zeitpunkt, an dem die Wirkung einsetzt, variiert je nach Person.<\/p>\n<p class=\"\" data-start=\"404\" data-end=\"723\">F\u00fcr beste Ergebnisse wird empfohlen, <strong data-start=\"441\" data-end=\"452\">Figurol<\/strong> \u00fcber einen l\u00e4ngeren Zeitraum hinweg einzunehmen. Der Hersteller empfiehlt eine Anwendung von mindestens <strong data-start=\"557\" data-end=\"569\">30 Tagen<\/strong>, um erste positive Effekte zu sp\u00fcren. Dank der nat\u00fcrlichen Inhaltsstoffe und der guten Vertr\u00e4glichkeit kann das Produkt problemlos l\u00e4nger genutzt werden.<\/p>\n<h4 class=\"\" data-start=\"725\" data-end=\"755\"><strong data-start=\"730\" data-end=\"755\">Figurol Inhaltsstoffe<\/strong><\/h4>\n<p class=\"\" data-start=\"756\" data-end=\"969\">Die Kapseln enthalten eine Mischung aus nat\u00fcrlichen Inhaltsstoffen, die gezielt den <strong data-start=\"840\" data-end=\"864\">Stoffwechsel anregen<\/strong> und die <strong data-start=\"873\" data-end=\"900\">Fettverbrennung f\u00f6rdern<\/strong>. Hier sind einige der wichtigsten Inhaltsstoffe und ihre Funktionen:<\/p>\n<ul data-start=\"971\" data-end=\"1640\">\n<li class=\"\" data-start=\"971\" data-end=\"1085\">\n<p class=\"\" data-start=\"973\" data-end=\"1085\"><strong data-start=\"973\" data-end=\"998\">Bockshornklee-Extrakt<\/strong>: F\u00f6rdert die Verdauung, stabilisiert den Blutzuckerspiegel und hilft gegen Hei\u00dfhunger.<\/p>\n<\/li>\n<li class=\"\" data-start=\"1086\" data-end=\"1196\">\n<p class=\"\" data-start=\"1088\" data-end=\"1196\"><strong data-start=\"1088\" data-end=\"1101\">L-Arginin<\/strong>: Stimuliert die Fettverbrennung, verbessert die Blutzirkulation und steigert den Muskelaufbau.<\/p>\n<\/li>\n<li class=\"\" data-start=\"1197\" data-end=\"1306\">\n<p class=\"\" data-start=\"1199\" data-end=\"1306\"><strong data-start=\"1199\" data-end=\"1219\">Capsicum-Extrakt<\/strong>: Enth\u00e4lt Capsaicin, das die <strong data-start=\"1248\" data-end=\"1264\">Thermogenese<\/strong> anregt und den Energieverbrauch steigert.<\/p>\n<\/li>\n<li class=\"\" data-start=\"1307\" data-end=\"1382\">\n<p class=\"\" data-start=\"1309\" data-end=\"1382\"><strong data-start=\"1309\" data-end=\"1322\">Isoleucin<\/strong>: Reguliert den Energiehaushalt und hilft bei der Fettabbau.<\/p>\n<\/li>\n<li class=\"\" data-start=\"1383\" data-end=\"1458\">\n<p class=\"\" data-start=\"1385\" data-end=\"1458\"><strong data-start=\"1385\" data-end=\"1393\">Zink<\/strong>: Unterst\u00fctzt das Immunsystem und optimiert den Fettstoffwechsel.<\/p>\n<\/li>\n<li class=\"\" data-start=\"1459\" data-end=\"1532\">\n<p class=\"\" data-start=\"1461\" data-end=\"1532\"><strong data-start=\"1461\" data-end=\"1471\">Leucin<\/strong>: F\u00f6rdert den Muskelaufbau und hilft bei der Fettverbrennung.<\/p>\n<\/li>\n<li class=\"\" data-start=\"1533\" data-end=\"1640\">\n<p class=\"\" data-start=\"1535\" data-end=\"1640\"><strong data-start=\"1535\" data-end=\"1546\">L-Valin<\/strong>: Unterst\u00fctzt die Muskelregeneration und sorgt f\u00fcr eine h\u00f6here k\u00f6rperliche Leistungsf\u00e4higkeit.<\/p>\n<\/li>\n<\/ul>\n<p class=\"\" data-start=\"1642\" data-end=\"1834\">Die Kapselh\u00fclle besteht aus mikrokristalliner <strong data-start=\"1688\" data-end=\"1701\">Cellulose<\/strong>, was das Produkt f\u00fcr <strong data-start=\"1723\" data-end=\"1749\">Veganer und Vegetarier<\/strong> geeignet macht. Zudem sind die Inhaltsstoffe <strong data-start=\"1795\" data-end=\"1809\">glutenfrei<\/strong> und frei von Gentechnik.<\/p>\n<h4 class=\"\" data-start=\"1836\" data-end=\"1871\"><strong data-start=\"1841\" data-end=\"1871\">Nebenwirkungen und Risiken<\/strong><\/h4>\n<p class=\"\" data-start=\"1872\" data-end=\"2145\">Der Hersteller gibt an, dass die Kapseln aufgrund ihrer nat\u00fcrlichen Inhaltsstoffe gut vertr\u00e4glich sind und bisher keine nennenswerten <strong data-start=\"2006\" data-end=\"2024\">Nebenwirkungen<\/strong> aufgetreten sind. Dennoch wird empfohlen, vor der Einnahme auf m\u00f6gliche Unvertr\u00e4glichkeiten der Inhaltsstoffe zu achten.<\/p>\n<p class=\"\" data-start=\"2147\" data-end=\"2352\">Das Produkt ist speziell f\u00fcr Erwachsene ab <strong data-start=\"2190\" data-end=\"2203\">18 Jahren<\/strong> konzipiert. Um das Risiko von Nebenwirkungen zu minimieren, sollte die empfohlene Dosierung von <strong data-start=\"2300\" data-end=\"2324\">zwei Kapseln pro Tag<\/strong> nicht \u00fcberschritten werden.<\/p>\n<h4 class=\"\" data-start=\"2354\" data-end=\"2390\"><strong data-start=\"2359\" data-end=\"2390\">Wo kann man Figurol kaufen?<\/strong><\/h4>\n<p class=\"\" data-start=\"2391\" data-end=\"2756\"><strong data-start=\"2391\" data-end=\"2402\">Figurol<\/strong> ist ausschlie\u00dflich \u00fcber die <strong data-start=\"2431\" data-end=\"2470\">offizielle Webseite des Herstellers<\/strong> erh\u00e4ltlich. Der Kauf \u00fcber Drittanbieter wie <strong data-start=\"2515\" data-end=\"2525\">Amazon<\/strong> oder <strong data-start=\"2531\" data-end=\"2539\">eBay<\/strong> wird nicht empfohlen, da hier das Risiko besteht, gef\u00e4lschte oder minderwertige Produkte zu erhalten. Beim Kauf \u00fcber die offizielle Seite profitieren Kunden von Rabatten und einer <strong data-start=\"2720\" data-end=\"2755\">60-t\u00e4gigen Geld-zur\u00fcck-Garantie<\/strong>.<\/p>\n<h4 class=\"\" data-start=\"19\" data-end=\"53\"><strong data-start=\"24\" data-end=\"53\">Wie hoch sind die Kosten?<\/strong><\/h4>\n<p class=\"\" data-start=\"54\" data-end=\"397\">Der <strong data-start=\"58\" data-end=\"75\">Figurol Preis<\/strong> h\u00e4ngt von der bestellten Menge ab. Der Hersteller bietet auf seiner offiziellen Webseite derzeit eine Packung mit <strong data-start=\"190\" data-end=\"204\">60 Kapseln<\/strong> zu einem reduzierten Preis von <strong data-start=\"236\" data-end=\"250\">49,95 Euro<\/strong> an. Zu diesem Preis kommen <strong data-start=\"278\" data-end=\"309\">Versandkosten von 4,95 Euro<\/strong> hinzu. Ohne Rabatt w\u00fcrde der regul\u00e4re Preis f\u00fcr eine Packung bei <strong data-start=\"375\" data-end=\"389\">79,95 Euro<\/strong> liegen.<\/p>\n<p class=\"\" data-start=\"399\" data-end=\"671\">F\u00fcr Kunden, die gr\u00f6\u00dfere Mengen kaufen, gibt es noch bessere Angebote. So kostet eine Packung bei einer Bestellung von <strong data-start=\"517\" data-end=\"535\">zwei Packungen<\/strong> nur <strong data-start=\"540\" data-end=\"554\">39,97 Euro<\/strong> und bei <strong data-start=\"563\" data-end=\"581\">drei Packungen<\/strong> liegt der Preis bei <strong data-start=\"602\" data-end=\"616\">36,65 Euro<\/strong>. Bei diesen Bestellmengen entfallen die Versandkosten.<\/p>\n<h4 class=\"\" data-start=\"673\" data-end=\"705\"><strong data-start=\"678\" data-end=\"705\">H\u00e4ufig gestellte Fragen<\/strong><\/h4>\n<p class=\"\" data-start=\"706\" data-end=\"782\">Hier sind einige Antworten auf die h\u00e4ufigsten Fragen zu <strong data-start=\"762\" data-end=\"781\">Figurol Kapseln<\/strong>:<\/p>\n<ul data-start=\"784\" data-end=\"1345\">\n<li class=\"\" data-start=\"784\" data-end=\"886\">\n<p class=\"\" data-start=\"786\" data-end=\"886\"><strong data-start=\"786\" data-end=\"820\">Kann man mit Figurol abnehmen?<\/strong> Ja, Figurol unterst\u00fctzt auf nat\u00fcrliche Weise die Gewichtsabnahme.<\/p>\n<\/li>\n<li class=\"\" data-start=\"887\" data-end=\"999\">\n<p class=\"\" data-start=\"889\" data-end=\"999\"><strong data-start=\"889\" data-end=\"912\">Ist Figurol seri\u00f6s?<\/strong> Ja, das Produkt wird von vielen Nutzern positiv bewertet und ist als seri\u00f6s anerkannt.<\/p>\n<\/li>\n<li class=\"\" data-start=\"1000\" data-end=\"1132\">\n<p class=\"\" data-start=\"1002\" data-end=\"1132\"><strong data-start=\"1002\" data-end=\"1067\">Gibt es einen Figurol Kundenservice f\u00fcr Fragen oder Probleme?<\/strong> Ja, der Hersteller bietet einen Kundenservice f\u00fcr alle Anfragen.<\/p>\n<\/li>\n<li class=\"\" data-start=\"1133\" data-end=\"1220\">\n<p class=\"\" data-start=\"1135\" data-end=\"1220\"><strong data-start=\"1135\" data-end=\"1173\">Gibt es ein eigenes Figurol Forum?<\/strong> Ein offizielles Forum existiert derzeit nicht.<\/p>\n<\/li>\n<li class=\"\" data-start=\"1221\" data-end=\"1345\">\n<p class=\"\" data-start=\"1223\" data-end=\"1345\"><strong data-start=\"1223\" data-end=\"1267\">Kann man Figurol in der Apotheke kaufen?<\/strong> Nein, Figurol ist nur \u00fcber die offizielle Website des Herstellers erh\u00e4ltlich.<\/p>\n<\/li>\n<\/ul>\n<h4 class=\"\" data-start=\"1347\" data-end=\"1373\"><strong data-start=\"1352\" data-end=\"1373\">Figurol Bewertung<\/strong><\/h4>\n<p class=\"\" data-start=\"1374\" data-end=\"1741\">Die <strong data-start=\"1378\" data-end=\"1397\">Figurol Kapseln<\/strong> haben in unserem Test eine sehr gute Bewertung erhalten. Sie zeichnen sich durch eine hohe Wirksamkeit aus, die sich in einer <strong data-start=\"1524\" data-end=\"1559\">signifikanten Gewichtsreduktion<\/strong> bei einer Probandin (4,6 kg) zeigt. Das Produkt ist besonders benutzerfreundlich und gut vertr\u00e4glich. Da es vegan und glutenfrei ist, eignet es sich f\u00fcr viele verschiedene Menschen.<\/p>\n<p class=\"\" data-start=\"1743\" data-end=\"1933\">Wir k\u00f6nnen <strong data-start=\"1754\" data-end=\"1786\">Figurol Premium Body Balance<\/strong> uneingeschr\u00e4nkt empfehlen, insbesondere f\u00fcr Personen, die <strong data-start=\"1845\" data-end=\"1869\">langfristig abnehmen<\/strong> m\u00f6chten und gleichzeitig ihre <strong data-start=\"1900\" data-end=\"1914\">Gesundheit<\/strong> verbessern wollen.<\/p>\n<p data-start=\"1743\" data-end=\"1933\">\n        <div style=\"padding:5px;\">\n<div class=\"scroll-offer-box\">\n  <span class=\"offer-text\">\n   <a href=\"https:\/\/dr-siggelkow.de\/apotheke\/go\/figurol-\" target=\"_blank\" style=\"color: black;\"><strong>SPAREN SIE 70% HEUTE!<\/strong><\/a>\n<a href=\"https:\/\/dr-siggelkow.de\/apotheke\/go\/figurol-\" target=\"_blank\" class=\"offer-btn\">Gutscheincode!!<\/a><\/span>\n<\/div>\n        <\/div><\/p>\n","protected":false},"excerpt":{"rendered":"<p>Figurol Bewertung Viele Menschen wollen schnell und einfach abnehmen. Figurol Kapseln versprechen genau das \u2013 sogar bei starkem \u00dcbergewicht. Laut Hersteller helfen sie nicht nur beim Fettabbau, sondern sollen auch die Darmgesundheit verbessern und mehr Energie liefern. Doch was ist wirklich dran an diesen Versprechen? Wir haben die wichtigsten Informationen zu Figurol Premium Body Balance &#8230; <a title=\"Figurol\" class=\"read-more\" href=\"https:\/\/dr-siggelkow.de\/apotheke\/product\/figurol\/\" aria-label=\"Mehr Informationen \u00fcber Figurol\">Weiterlesen &#8230;<\/a><\/p>\n","protected":false},"featured_media":133,"comment_status":"open","ping_status":"closed","template":"","meta":[],"product_brand":[],"product_cat":[17],"product_tag":[],"class_list":{"0":"post-74","1":"product","2":"type-product","3":"status-publish","4":"has-post-thumbnail","6":"product_cat-diaet","7":"sales-flash-overlay","8":"woocommerce-text-align-center","9":"woocommerce-image-align-center","10":"do-quantity-buttons","12":"first","13":"instock","14":"sale","15":"shipping-taxable","16":"product-type-external"},"_links":{"self":[{"href":"https:\/\/dr-siggelkow.de\/apotheke\/wp-json\/wp\/v2\/product\/74","targetHints":{"allow":["GET"]}}],"collection":[{"href":"https:\/\/dr-siggelkow.de\/apotheke\/wp-json\/wp\/v2\/product"}],"about":[{"href":"https:\/\/dr-siggelkow.de\/apotheke\/wp-json\/wp\/v2\/types\/product"}],"replies":[{"embeddable":true,"href":"https:\/\/dr-siggelkow.de\/apotheke\/wp-json\/wp\/v2\/comments?post=74"}],"wp:featuredmedia":[{"embeddable":true,"href":"https:\/\/dr-siggelkow.de\/apotheke\/wp-json\/wp\/v2\/media\/133"}],"wp:attachment":[{"href":"https:\/\/dr-siggelkow.de\/apotheke\/wp-json\/wp\/v2\/media?parent=74"}],"wp:term":[{"taxonomy":"product_brand","embeddable":true,"href":"https:\/\/dr-siggelkow.de\/apotheke\/wp-json\/wp\/v2\/product_brand?post=74"},{"taxonomy":"product_cat","embeddable":true,"href":"https:\/\/dr-siggelkow.de\/apotheke\/wp-json\/wp\/v2\/product_cat?post=74"},{"taxonomy":"product_tag","embeddable":true,"href":"https:\/\/dr-siggelkow.de\/apotheke\/wp-json\/wp\/v2\/product_tag?post=74"}],"curies":[{"name":"wp","href":"https:\/\/api.w.org\/{rel}","templated":true}]}}