{"id":230,"date":"2026-04-01T15:48:48","date_gmt":"2026-04-01T15:48:48","guid":{"rendered":"https:\/\/dr-siggelkow.de\/apotheke\/?post_type=product&#038;p=230"},"modified":"2026-04-01T15:48:48","modified_gmt":"2026-04-01T15:48:48","slug":"glpura","status":"publish","type":"product","link":"https:\/\/dr-siggelkow.de\/apotheke\/product\/glpura\/","title":{"rendered":"Glpura"},"content":{"rendered":"\r\n<h2 class=\"wp-block-heading\"><strong>GLPura Bewertungen<\/strong><\/h2>\r\n<p data-start=\"142\" data-end=\"352\">GLPura GLP-1 Kapseln werden als nat\u00fcrliche Alternative zu bekannten GLP-1 Medikamenten angeboten. Sie sollen helfen, schneller satt zu werden und den Appetit zu kontrollieren. Aber was steckt wirklich dahinter?<\/p>\r\n\r\n<h3 data-section-id=\"1gtybqn\" data-start=\"354\" data-end=\"373\">Was ist GLPura?<\/h3>\r\n<p data-start=\"375\" data-end=\"569\">GLPura ist ein Nahrungserg\u00e4nzungsmittel in Form von Kapseln. Es soll den K\u00f6rper dabei unterst\u00fctzen, mehr vom Hormon GLP-1 zu produzieren. Dieses Hormon wird im Darm gebildet und ist wichtig f\u00fcr:<\/p>\r\n\r\n<ul data-start=\"571\" data-end=\"652\">\r\n \t<li data-section-id=\"kxxa6s\" data-start=\"571\" data-end=\"595\">das S\u00e4ttigungsgef\u00fchl<\/li>\r\n \t<li data-section-id=\"qk11sa\" data-start=\"596\" data-end=\"626\">die Kontrolle des Appetits<\/li>\r\n \t<li data-section-id=\"1mgefyx\" data-start=\"627\" data-end=\"652\">den Blutzuckerspiegel<\/li>\r\n<\/ul>\r\n<p data-start=\"654\" data-end=\"823\">GLPura nutzt nat\u00fcrliche Inhaltsstoffe. Es enth\u00e4lt keine k\u00fcnstlichen Wirkstoffe und keine Spritzen. Deshalb gilt es als sanfte Alternative zu Medikamenten wie Semaglutid.<\/p>\r\n<p data-start=\"825\" data-end=\"998\">Das Produkt ist f\u00fcr Menschen gedacht, die auf nat\u00fcrliche Weise abnehmen oder ihr Gewicht besser kontrollieren m\u00f6chten. Es ersetzt aber keine gesunde Ern\u00e4hrung oder Bewegung.<\/p>\r\n\r\n\r\n<hr data-start=\"1000\" data-end=\"1003\" \/>\r\n\r\n<h3 data-section-id=\"1yq8i5k\" data-start=\"1005\" data-end=\"1037\">F\u00fcr wen ist GLPura geeignet?<\/h3>\r\n<p data-start=\"1039\" data-end=\"1089\">GLPura ist vor allem f\u00fcr Erwachsene geeignet, die:<\/p>\r\n\r\n<ul data-start=\"1091\" data-end=\"1242\">\r\n \t<li data-section-id=\"12ocfb2\" data-start=\"1091\" data-end=\"1125\">ihr Gewicht reduzieren m\u00f6chten<\/li>\r\n \t<li data-section-id=\"1hlwzfh\" data-start=\"1126\" data-end=\"1157\">weniger Hunger haben wollen<\/li>\r\n \t<li data-section-id=\"16l1oaz\" data-start=\"1158\" data-end=\"1199\">ihren Stoffwechsel verbessern m\u00f6chten<\/li>\r\n \t<li data-section-id=\"pxgoez\" data-start=\"1200\" data-end=\"1242\">ihren Blutzucker stabil halten m\u00f6chten<\/li>\r\n<\/ul>\r\n<p data-start=\"1244\" data-end=\"1328\">Besonders hilfreich ist es f\u00fcr Menschen, die oft Hei\u00dfhunger haben oder viel snacken.<\/p>\r\n<p data-start=\"1330\" data-end=\"1356\">Nicht geeignet ist es f\u00fcr:<\/p>\r\n\r\n<ul data-start=\"1358\" data-end=\"1462\">\r\n \t<li data-section-id=\"11d279\" data-start=\"1358\" data-end=\"1387\">Schwangere oder Stillende<\/li>\r\n \t<li data-section-id=\"1njapas\" data-start=\"1388\" data-end=\"1414\">Kinder und Jugendliche<\/li>\r\n \t<li data-section-id=\"1kmstfn\" data-start=\"1415\" data-end=\"1462\">Personen mit schweren Krankheiten (ohne Arzt)<\/li>\r\n<\/ul>\r\n<p data-start=\"1464\" data-end=\"1535\">Wenn du Medikamente nimmst, solltest du vorher mit einem Arzt sprechen.<\/p>\r\n\r\n\r\n<hr data-start=\"1537\" data-end=\"1540\" \/>\r\n\r\n<h3 data-section-id=\"1oke8wc\" data-start=\"1542\" data-end=\"1563\">Wie wirkt GLPura?<\/h3>\r\n<p data-start=\"1565\" data-end=\"1639\">GLPura wirkt indirekt. Es regt den K\u00f6rper an, selbst mehr GLP-1 zu bilden.<\/p>\r\n<p data-start=\"1641\" data-end=\"1673\">Dieses Hormon sorgt daf\u00fcr, dass:<\/p>\r\n\r\n<ul data-start=\"1675\" data-end=\"1770\">\r\n \t<li data-section-id=\"gnxtc4\" data-start=\"1675\" data-end=\"1702\">du schneller satt wirst<\/li>\r\n \t<li data-section-id=\"kvta4a\" data-start=\"1703\" data-end=\"1736\">dein Magen langsamer arbeitet<\/li>\r\n \t<li data-section-id=\"15ilf2c\" data-start=\"1737\" data-end=\"1770\">dein Blutzucker stabil bleibt<\/li>\r\n<\/ul>\r\n<p data-start=\"1772\" data-end=\"1876\">Die Inhaltsstoffe helfen dabei, den Appetit zu reduzieren. Dadurch isst du automatisch weniger Kalorien.<\/p>\r\n<p data-start=\"1878\" data-end=\"1975\">Im Vergleich zu Medikamenten ist die Wirkung sanfter. Daf\u00fcr gibt es meist weniger Nebenwirkungen.<\/p>\r\n\r\n\r\n<hr data-start=\"1977\" data-end=\"1980\" \/>\r\n\r\n<h3 data-section-id=\"1d240qs\" data-start=\"1982\" data-end=\"2010\">Inhaltsstoffe von GLPura<\/h3>\r\n<p data-start=\"2012\" data-end=\"2070\">GLPura enth\u00e4lt pflanzliche Stoffe und wichtige N\u00e4hrstoffe.<\/p>\r\n<p data-start=\"2072\" data-end=\"2099\"><strong data-start=\"2072\" data-end=\"2099\">Wichtige Inhaltsstoffe:<\/strong><\/p>\r\n\r\n<ul data-start=\"2101\" data-end=\"2283\">\r\n \t<li data-section-id=\"19gd5z\" data-start=\"2101\" data-end=\"2156\"><strong data-start=\"2103\" data-end=\"2119\">Glucomannan:<\/strong> macht satt und hilft beim Abnehmen<\/li>\r\n \t<li data-section-id=\"cvw2x7\" data-start=\"2157\" data-end=\"2205\"><strong data-start=\"2159\" data-end=\"2174\">Gr\u00fcner Tee:<\/strong> unterst\u00fctzt den Stoffwechsel<\/li>\r\n \t<li data-section-id=\"mjaq5y\" data-start=\"2206\" data-end=\"2245\"><strong data-start=\"2208\" data-end=\"2221\">Berberin:<\/strong> hilft beim Blutzucker<\/li>\r\n \t<li data-section-id=\"s1pks9\" data-start=\"2246\" data-end=\"2283\"><strong data-start=\"2248\" data-end=\"2259\">Ingwer:<\/strong> gut f\u00fcr die Verdauung<\/li>\r\n<\/ul>\r\n<p data-start=\"2285\" data-end=\"2312\"><strong data-start=\"2285\" data-end=\"2312\">Zus\u00e4tzliche N\u00e4hrstoffe:<\/strong><\/p>\r\n\r\n<ul data-start=\"2314\" data-end=\"2475\">\r\n \t<li data-section-id=\"zudhnr\" data-start=\"2314\" data-end=\"2349\"><strong data-start=\"2316\" data-end=\"2326\">Chrom:<\/strong> reduziert Hei\u00dfhunger<\/li>\r\n \t<li data-section-id=\"y1bx09\" data-start=\"2350\" data-end=\"2392\"><strong data-start=\"2352\" data-end=\"2361\">Zink:<\/strong> unterst\u00fctzt den Stoffwechsel<\/li>\r\n \t<li data-section-id=\"1fhepux\" data-start=\"2393\" data-end=\"2425\"><strong data-start=\"2395\" data-end=\"2410\">Vitamin B6:<\/strong> gibt Energie<\/li>\r\n \t<li data-section-id=\"23axtq\" data-start=\"2426\" data-end=\"2475\"><strong data-start=\"2428\" data-end=\"2443\">L-Carnitin:<\/strong> hilft bei der Fettverbrennung<\/li>\r\n<\/ul>\r\n<p data-start=\"2477\" data-end=\"2523\">Diese Kombination soll zusammen besser wirken.<\/p>\r\n\r\n\r\n<hr data-start=\"2525\" data-end=\"2528\" \/>\r\n\r\n<h3 data-section-id=\"no9r72\" data-start=\"2530\" data-end=\"2556\">Einnahme und Dosierung<\/h3>\r\n<p data-start=\"2558\" data-end=\"2583\">Die Einnahme ist einfach:<\/p>\r\n\r\n<ul data-start=\"2585\" data-end=\"2680\">\r\n \t<li data-section-id=\"ct55d7\" data-start=\"2585\" data-end=\"2606\">2 Kapseln pro Tag<\/li>\r\n \t<li data-section-id=\"1n2exgl\" data-start=\"2607\" data-end=\"2640\">etwa 30 Minuten vor dem Essen<\/li>\r\n \t<li data-section-id=\"1xtiess\" data-start=\"2641\" data-end=\"2680\">mit viel Wasser (mindestens 250 ml)<\/li>\r\n<\/ul>\r\n<p data-start=\"2682\" data-end=\"2754\">F\u00fcr gute Ergebnisse sollte man GLPura mindestens 8 bis 12 Wochen nehmen.<\/p>\r\n<p data-start=\"2756\" data-end=\"2764\">Wichtig:<\/p>\r\n\r\n<ul data-start=\"2766\" data-end=\"2835\">\r\n \t<li data-section-id=\"p3ef9h\" data-start=\"2766\" data-end=\"2804\">Nicht mehr als empfohlen einnehmen<\/li>\r\n \t<li data-section-id=\"1tt1tyg\" data-start=\"2805\" data-end=\"2835\">Immer genug Wasser trinken<\/li>\r\n<\/ul>\r\n\r\n<hr data-start=\"2837\" data-end=\"2840\" \/>\r\n\r\n<h3 data-section-id=\"1y56krk\" data-start=\"2842\" data-end=\"2869\">Erfahrungen von Nutzern<\/h3>\r\n<p data-start=\"2871\" data-end=\"2914\">Viele Nutzer berichten positive Ergebnisse:<\/p>\r\n\r\n<ul data-start=\"2916\" data-end=\"2994\">\r\n \t<li data-section-id=\"10v7svi\" data-start=\"2916\" data-end=\"2934\">weniger Hunger<\/li>\r\n \t<li data-section-id=\"1w8qq05\" data-start=\"2935\" data-end=\"2957\">kleinere Portionen<\/li>\r\n \t<li data-section-id=\"296ozr\" data-start=\"2958\" data-end=\"2977\">Gewichtsverlust<\/li>\r\n \t<li data-section-id=\"nz9cb1\" data-start=\"2978\" data-end=\"2994\">mehr Energie<\/li>\r\n<\/ul>\r\n<p data-start=\"2996\" data-end=\"3137\">Einige sagen, dass sie nach ein paar Wochen deutliche Ver\u00e4nderungen merken. Besonders gut wirkt es zusammen mit Sport und gesunder Ern\u00e4hrung.<\/p>\r\n\r\n\r\n<hr data-start=\"3139\" data-end=\"3142\" \/>\r\n\r\n<h3 data-section-id=\"145zt12\" data-start=\"3144\" data-end=\"3170\">Vorteile und Nachteile<\/h3>\r\n<p data-start=\"3172\" data-end=\"3185\"><strong data-start=\"3172\" data-end=\"3185\">Vorteile:<\/strong><\/p>\r\n\r\n<ul data-start=\"3187\" data-end=\"3312\">\r\n \t<li data-section-id=\"dumj4u\" data-start=\"3187\" data-end=\"3215\">nat\u00fcrliche Inhaltsstoffe<\/li>\r\n \t<li data-section-id=\"r1du0e\" data-start=\"3216\" data-end=\"3237\">einfache Einnahme<\/li>\r\n \t<li data-section-id=\"2nuhdh\" data-start=\"3238\" data-end=\"3260\">weniger Hei\u00dfhunger<\/li>\r\n \t<li data-section-id=\"1qch88i\" data-start=\"3261\" data-end=\"3285\">gute Vertr\u00e4glichkeit<\/li>\r\n \t<li data-section-id=\"1ybcgx1\" data-start=\"3286\" data-end=\"3312\">ohne Rezept erh\u00e4ltlich<\/li>\r\n<\/ul>\r\n<p data-start=\"3314\" data-end=\"3328\"><strong data-start=\"3314\" data-end=\"3328\">Nachteile:<\/strong><\/p>\r\n\r\n<ul data-start=\"3330\" data-end=\"3459\">\r\n \t<li data-section-id=\"g4rdyi\" data-start=\"3330\" data-end=\"3365\">wirkt schw\u00e4cher als Medikamente<\/li>\r\n \t<li data-section-id=\"17qmnwv\" data-start=\"3366\" data-end=\"3402\">Ergebnisse sind bei jedem anders<\/li>\r\n \t<li data-section-id=\"1t55aad\" data-start=\"3403\" data-end=\"3430\">braucht Zeit und Geduld<\/li>\r\n \t<li data-section-id=\"6zpn11\" data-start=\"3431\" data-end=\"3459\">nicht \u00fcberall erh\u00e4ltlich<\/li>\r\n<\/ul>\r\n\r\n<hr data-start=\"3461\" data-end=\"3464\" \/>\r\n\r\n<h3 data-section-id=\"8n7sls\" data-start=\"3466\" data-end=\"3503\">Unterschied zu GLP-1 Medikamenten<\/h3>\r\n<p data-start=\"3505\" data-end=\"3532\">GLPura ist kein Medikament.<\/p>\r\n<p data-start=\"3534\" data-end=\"3551\"><strong data-start=\"3534\" data-end=\"3551\">Unterschiede:<\/strong><\/p>\r\n\r\n<ul data-start=\"3553\" data-end=\"3631\">\r\n \t<li data-section-id=\"ig902g\" data-start=\"3553\" data-end=\"3584\">GLPura = nat\u00fcrliche Kapseln<\/li>\r\n \t<li data-section-id=\"t9qg3v\" data-start=\"3585\" data-end=\"3631\">Medikamente = starke Wirkstoffe + Spritzen<\/li>\r\n<\/ul>\r\n<p data-start=\"3633\" data-end=\"3675\">GLPura wirkt langsamer, aber auch sanfter.<\/p>\r\n\r\n\r\n<hr data-start=\"3677\" data-end=\"3680\" \/>\r\n\r\n<h3 data-section-id=\"1f95sdi\" data-start=\"3682\" data-end=\"3712\">Wo kann man GLPura kaufen?<\/h3>\r\n<p data-start=\"3714\" data-end=\"3747\">GLPura gibt es meistens nicht in:<\/p>\r\n\r\n<ul data-start=\"3749\" data-end=\"3791\">\r\n \t<li data-section-id=\"1j3d7dt\" data-start=\"3749\" data-end=\"3755\">dm<\/li>\r\n \t<li data-section-id=\"hc1061\" data-start=\"3756\" data-end=\"3768\">Rossmann<\/li>\r\n \t<li data-section-id=\"1mb00lz\" data-start=\"3769\" data-end=\"3791\">normalen Apotheken<\/li>\r\n<\/ul>\r\n<p data-start=\"3793\" data-end=\"3816\">Man kann es kaufen bei:<\/p>\r\n\r\n<ul data-start=\"3818\" data-end=\"3877\">\r\n \t<li data-section-id=\"1ksjdx2\" data-start=\"3818\" data-end=\"3845\">offiziellem Online-Shop<\/li>\r\n \t<li data-section-id=\"nxl9p7\" data-start=\"3846\" data-end=\"3877\">bestimmten Online-Apotheken<\/li>\r\n<\/ul>\r\n<p data-start=\"3879\" data-end=\"3939\">Achtung: Auf Plattformen wie Amazon k\u00f6nnen F\u00e4lschungen sein.<\/p>\r\n\r\n\r\n<hr data-start=\"3941\" data-end=\"3944\" \/>\r\n\r\n<h3 data-section-id=\"1df88k4\" data-start=\"3946\" data-end=\"3964\">Nebenwirkungen<\/h3>\r\n<p data-start=\"3966\" data-end=\"3999\">GLPura ist meist gut vertr\u00e4glich.<\/p>\r\n<p data-start=\"4001\" data-end=\"4033\">M\u00f6gliche leichte Nebenwirkungen:<\/p>\r\n\r\n<ul data-start=\"4035\" data-end=\"4095\">\r\n \t<li data-section-id=\"as5o9p\" data-start=\"4035\" data-end=\"4048\">Bl\u00e4hungen<\/li>\r\n \t<li data-section-id=\"10xzq6p\" data-start=\"4049\" data-end=\"4064\">V\u00f6llegef\u00fchl<\/li>\r\n \t<li data-section-id=\"1fg0a8y\" data-start=\"4065\" data-end=\"4095\">leichte Verdauungsprobleme<\/li>\r\n<\/ul>\r\n<p data-start=\"4097\" data-end=\"4137\">Diese verschwinden oft nach kurzer Zeit.<\/p>\r\n<p data-start=\"4139\" data-end=\"4168\">Wichtig: Viel Wasser trinken.<\/p>\r\n\r\n\r\n<hr data-start=\"4170\" data-end=\"4173\" \/>\r\n\r\n<h3 data-section-id=\"u0o8jv\" data-start=\"4175\" data-end=\"4198\">Preis und Bewertung<\/h3>\r\n<p data-start=\"4200\" data-end=\"4225\">Der Preis liegt etwa bei:<\/p>\r\n\r\n<ul data-start=\"4227\" data-end=\"4252\">\r\n \t<li data-section-id=\"15rpjpx\" data-start=\"4227\" data-end=\"4252\">ca. 59,90 \u20ac pro Monat<\/li>\r\n<\/ul>\r\n<p data-start=\"4254\" data-end=\"4293\">Bei gr\u00f6\u00dferen Paketen wird es g\u00fcnstiger.<\/p>\r\n<p data-start=\"4295\" data-end=\"4349\">Im Vergleich zu Medikamenten ist es deutlich billiger.<\/p>\r\n\r\n\r\n<hr data-start=\"4351\" data-end=\"4354\" \/>\r\n\r\n<h3 data-section-id=\"1dg3wtn\" data-start=\"4356\" data-end=\"4374\">H\u00e4ufige Fragen<\/h3>\r\n<p data-start=\"4376\" data-end=\"4446\"><strong data-start=\"4376\" data-end=\"4405\">Wie schnell wirkt GLPura?<\/strong><br data-start=\"4405\" data-end=\"4408\" \/>Erste Effekte nach 2\u20133 Wochen m\u00f6glich.<\/p>\r\n<p data-start=\"4448\" data-end=\"4538\"><strong data-start=\"4448\" data-end=\"4486\">Kann man damit dauerhaft abnehmen?<\/strong><br data-start=\"4486\" data-end=\"4489\" \/>Ja, aber nur mit gesunder Ern\u00e4hrung und Bewegung.<\/p>\r\n<p data-start=\"4540\" data-end=\"4592\"><strong data-start=\"4540\" data-end=\"4567\">Gibt es Nebenwirkungen?<\/strong><br data-start=\"4567\" data-end=\"4570\" \/>Selten und meist mild.<\/p>\r\n<p data-start=\"4594\" data-end=\"4659\"><strong data-start=\"4594\" data-end=\"4629\">Ist es in Apotheken erh\u00e4ltlich?<\/strong><br data-start=\"4629\" data-end=\"4632\" \/>Meist nur online verf\u00fcgbar.<\/p>\r\n\r\n\r\n<hr data-start=\"4661\" data-end=\"4664\" \/>\r\n\r\n<h2 data-section-id=\"x8o1ad\" data-start=\"4666\" data-end=\"4674\">Fazit<\/h2>\r\n<p data-start=\"4676\" data-end=\"4875\">GLPura ist ein nat\u00fcrliches Produkt zur Unterst\u00fctzung beim Abnehmen. Es hilft, den Appetit zu kontrollieren und l\u00e4nger satt zu bleiben. Die Wirkung ist sanft, aber nicht so stark wie bei Medikamenten.<\/p>\r\n<p data-start=\"4877\" data-end=\"5026\">F\u00fcr Menschen, die eine nat\u00fcrliche L\u00f6sung suchen, kann GLPura eine gute Option sein. Wichtig ist aber: Ohne gesunde Lebensweise funktioniert es nicht.<\/p>\r\n\r\n<h2 data-section-id=\"105utwq\" data-start=\"92\" data-end=\"135\">H\u00e4ufig gestellte Fragen (FAQs) zu GLPura<\/h2>\r\n<h3 data-section-id=\"17mk2i8\" data-start=\"137\" data-end=\"159\">1. Was ist GLPura?<\/h3>\r\n<p data-start=\"160\" data-end=\"278\">GLPura ist ein Nahrungserg\u00e4nzungsmittel in Kapseln. Es hilft, den Appetit zu kontrollieren und l\u00e4nger satt zu bleiben.<\/p>\r\n\r\n\r\n<hr data-start=\"280\" data-end=\"283\" \/>\r\n\r\n<h3 data-section-id=\"uu5a40\" data-start=\"285\" data-end=\"309\">2. Wie wirkt GLPura?<\/h3>\r\n<p data-start=\"310\" data-end=\"465\">GLPura unterst\u00fctzt den K\u00f6rper dabei, mehr vom Hormon GLP-1 zu produzieren. Dieses Hormon sorgt daf\u00fcr, dass du weniger Hunger hast und schneller satt wirst.<\/p>\r\n\r\n\r\n<hr data-start=\"467\" data-end=\"470\" \/>\r\n\r\n<h3 data-section-id=\"1s54mtd\" data-start=\"472\" data-end=\"517\">3. Wie lange dauert es, bis GLPura wirkt?<\/h3>\r\n<p data-start=\"518\" data-end=\"648\">Einige Menschen merken erste Effekte nach 2 bis 3 Wochen. F\u00fcr beste Ergebnisse sollte man es 8 bis 12 Wochen regelm\u00e4\u00dfig einnehmen.<\/p>\r\n\r\n\r\n<hr data-start=\"650\" data-end=\"653\" \/>\r\n\r\n<h3 data-section-id=\"11fxcs6\" data-start=\"655\" data-end=\"687\">4. Wie nimmt man GLPura ein?<\/h3>\r\n<p data-start=\"688\" data-end=\"768\">Du nimmst t\u00e4glich 2 Kapseln. Am besten 30 Minuten vor dem Essen mit viel Wasser.<\/p>\r\n\r\n\r\n<hr data-start=\"770\" data-end=\"773\" \/>\r\n\r\n<h3 data-section-id=\"10c2hqo\" data-start=\"775\" data-end=\"808\">5. Hat GLPura Nebenwirkungen?<\/h3>\r\n<p data-start=\"809\" data-end=\"930\">Meist ist GLPura gut vertr\u00e4glich. In seltenen F\u00e4llen kann es zu leichten Verdauungsproblemen kommen, besonders am Anfang.<\/p>\r\n\r\n\r\n<hr data-start=\"932\" data-end=\"935\" \/>\r\n\r\n<h3 data-section-id=\"1zlxxe\" data-start=\"937\" data-end=\"973\">6. Kann ich mit GLPura abnehmen?<\/h3>\r\n<p data-start=\"974\" data-end=\"1096\">GLPura kann beim Abnehmen helfen. Es reduziert den Hunger. Aber eine gesunde Ern\u00e4hrung und Bewegung sind trotzdem wichtig.<\/p>\r\n\r\n\r\n<hr data-start=\"1098\" data-end=\"1101\" \/>\r\n\r\n<h3 data-section-id=\"1ab1w8c\" data-start=\"1103\" data-end=\"1136\">7. Ist GLPura ein Medikament?<\/h3>\r\n<p data-start=\"1137\" data-end=\"1219\">Nein. GLPura ist kein Medikament. Es ist ein nat\u00fcrliches Nahrungserg\u00e4nzungsmittel.<\/p>\r\n\r\n\r\n<hr data-start=\"1221\" data-end=\"1224\" \/>\r\n\r\n<h3 data-section-id=\"b52t8\" data-start=\"1226\" data-end=\"1267\">8. Brauche ich ein Rezept f\u00fcr GLPura?<\/h3>\r\n<p data-start=\"1268\" data-end=\"1310\">Nein. Du kannst GLPura ohne Rezept kaufen.<\/p>\r\n\r\n\r\n<hr data-start=\"1312\" data-end=\"1315\" \/>\r\n\r\n<h3 data-section-id=\"1dox79r\" data-start=\"1317\" data-end=\"1372\">9. Kann ich GLPura mit anderen Medikamenten nehmen?<\/h3>\r\n<p data-start=\"1373\" data-end=\"1444\">Wenn du Medikamente nimmst, solltest du vorher mit einem Arzt sprechen.<\/p>\r\n\r\n\r\n<hr data-start=\"1446\" data-end=\"1449\" \/>\r\n\r\n<h3 data-section-id=\"1ry106z\" data-start=\"1451\" data-end=\"1489\">10. Ist GLPura f\u00fcr jeden geeignet?<\/h3>\r\n<p data-start=\"1490\" data-end=\"1615\">Nein. Es ist nicht geeignet f\u00fcr Schwangere, Stillende, Kinder oder Personen mit schweren Krankheiten ohne \u00e4rztliche Beratung.<\/p>\r\n\r\n\r\n<hr data-start=\"1617\" data-end=\"1620\" \/>\r\n\r\n<h3 data-section-id=\"1i9q6tk\" data-start=\"1622\" data-end=\"1656\">11. Wo kann man GLPura kaufen?<\/h3>\r\n<p data-start=\"1657\" data-end=\"1776\">Am besten im offiziellen Online-Shop oder bei ausgew\u00e4hlten Online-Apotheken. Nicht immer in dm oder Rossmann verf\u00fcgbar.<\/p>\r\n\r\n\r\n<hr data-start=\"1778\" data-end=\"1781\" \/>\r\n\r\n<h3 data-section-id=\"q6rfy9\" data-start=\"1783\" data-end=\"1809\">12. Ist GLPura sicher?<\/h3>\r\n<p data-start=\"1810\" data-end=\"1894\">Ja, bei richtiger Anwendung gilt es als sicher. Es enth\u00e4lt nat\u00fcrliche Inhaltsstoffe.<\/p>\r\n<a href=\"https:\/\/www.fasttrack15.com\/P2MRLPCK\/2T5FT93J\/?uid=51265&#038;sub1=dr-siggelkow\" target=\"_blank\" rel=\"noopener\"><div style=\"position:fixed;bottom:0;left:0;width:100%;height: 59px; background:#000585;border-top:1px solid #333;box-shadow:0 -4px 15px rgba(0,0,0,0.4);z-index:99999;font-family:Arial,sans-serif;\">\r\n  \r\n  <div style=\"max-width:1200px;margin:0 auto;padding:12px 16px;display:flex;align-items:center;justify-content:center;gap:14px;flex-wrap:wrap;text-align:center;\">\r\n    \r\n    <span style=\"background:#ffd700;color:#111;padding:4px 8px;border-radius:4px;font-size:12px;font-weight:700;\">ANGEBOT<\/span>\r\n    \r\n    <span style=\"font-size:18px;font-weight:700;color:#fff;\">GLPura<\/span>\r\n    \r\n    <span style=\"font-size:14px;color:#bbb;text-decoration:line-through;\">79,95\u20ac<\/span>\r\n    \r\n    <span style=\"font-size:22px;font-weight:800;color:#ffd700;\">29,95\u20ac<\/span>\r\n    \r\n    <span   style=\"background:#ffd700;color:#111;text-decoration:none;padding:12px 20px;border-radius:6px;font-size:14px;font-weight:700;\">Jetzt bestellen<\/span>\r\n  \r\n  <\/div>\r\n\r\n<\/div><\/a>","protected":false},"excerpt":{"rendered":"<p>GLPura Bewertungen GLPura GLP-1 Kapseln werden als nat\u00fcrliche Alternative zu bekannten GLP-1 Medikamenten angeboten. Sie sollen helfen, schneller satt zu werden und den Appetit zu kontrollieren. Aber was steckt wirklich dahinter? Was ist GLPura? GLPura ist ein Nahrungserg\u00e4nzungsmittel in Form von Kapseln. Es soll den K\u00f6rper dabei unterst\u00fctzen, mehr vom Hormon GLP-1 zu produzieren. Dieses &#8230; <a title=\"Glpura\" class=\"read-more\" href=\"https:\/\/dr-siggelkow.de\/apotheke\/product\/glpura\/\" aria-label=\"Mehr Informationen \u00fcber Glpura\">Weiterlesen &#8230;<\/a><\/p>\n","protected":false},"featured_media":231,"comment_status":"open","ping_status":"closed","template":"","meta":[],"product_brand":[],"product_cat":[17],"product_tag":[],"class_list":{"0":"post-230","1":"product","2":"type-product","3":"status-publish","4":"has-post-thumbnail","6":"product_cat-diaet","7":"sales-flash-overlay","8":"woocommerce-text-align-center","9":"woocommerce-image-align-center","10":"do-quantity-buttons","12":"first","13":"instock","14":"sale","15":"shipping-taxable","16":"product-type-external"},"_links":{"self":[{"href":"https:\/\/dr-siggelkow.de\/apotheke\/wp-json\/wp\/v2\/product\/230","targetHints":{"allow":["GET"]}}],"collection":[{"href":"https:\/\/dr-siggelkow.de\/apotheke\/wp-json\/wp\/v2\/product"}],"about":[{"href":"https:\/\/dr-siggelkow.de\/apotheke\/wp-json\/wp\/v2\/types\/product"}],"replies":[{"embeddable":true,"href":"https:\/\/dr-siggelkow.de\/apotheke\/wp-json\/wp\/v2\/comments?post=230"}],"wp:featuredmedia":[{"embeddable":true,"href":"https:\/\/dr-siggelkow.de\/apotheke\/wp-json\/wp\/v2\/media\/231"}],"wp:attachment":[{"href":"https:\/\/dr-siggelkow.de\/apotheke\/wp-json\/wp\/v2\/media?parent=230"}],"wp:term":[{"taxonomy":"product_brand","embeddable":true,"href":"https:\/\/dr-siggelkow.de\/apotheke\/wp-json\/wp\/v2\/product_brand?post=230"},{"taxonomy":"product_cat","embeddable":true,"href":"https:\/\/dr-siggelkow.de\/apotheke\/wp-json\/wp\/v2\/product_cat?post=230"},{"taxonomy":"product_tag","embeddable":true,"href":"https:\/\/dr-siggelkow.de\/apotheke\/wp-json\/wp\/v2\/product_tag?post=230"}],"curies":[{"name":"wp","href":"https:\/\/api.w.org\/{rel}","templated":true}]}}