{"id":107,"date":"2025-04-08T14:30:02","date_gmt":"2025-04-08T14:30:02","guid":{"rendered":"https:\/\/dr-siggelkow.de\/apotheke\/?post_type=product&#038;p=107"},"modified":"2025-04-09T04:47:58","modified_gmt":"2025-04-09T04:47:58","slug":"keto-power-x","status":"publish","type":"product","link":"https:\/\/dr-siggelkow.de\/apotheke\/product\/keto-power-x\/","title":{"rendered":"Keto Power X"},"content":{"rendered":"<h2 data-start=\"427\" data-end=\"456\"><strong data-start=\"431\" data-end=\"456\">Keto Power X <\/strong><strong>Erfahrungen<\/strong><\/h2>\n<p>Keto Power X hilft Menschen, die mehr K\u00f6rperfett verbrennen und in die Ketose kommen m\u00f6chten. Die spezielle Formel enth\u00e4lt nat\u00fcrliche Pflanzenstoffe und wichtige N\u00e4hrstoffe. Diese f\u00f6rdern den Stoffwechsel, halten den Blutzucker im Gleichgewicht und geben dem K\u00f6rper langanhaltende Energie aus Fettreserven.<\/p>\n<p>Dieses Produkt ist besonders n\u00fctzlich f\u00fcr Menschen, die eine kohlenhydratarme Ern\u00e4hrung machen oder gezielt abnehmen m\u00f6chten.<\/p>\n<h3 class=\"\" data-start=\"427\" data-end=\"456\"><strong data-start=\"431\" data-end=\"456\">Was ist Keto Power X?<\/strong><\/h3>\n<p class=\"\" data-start=\"458\" data-end=\"692\">Keto Power X ist ein Produkt zur Gewichtsreduktion. Es enth\u00e4lt nat\u00fcrliche Stoffe. Die Kapseln unterst\u00fctzen eine ketogene Ern\u00e4hrung. Sie helfen, Fett als Energie zu nutzen. Viele Menschen berichten \u00fcber gute Erfolge mit diesem Produkt.<\/p>\n<hr class=\"\" data-start=\"839\" data-end=\"842\" \/>\n<h3 class=\"\" data-start=\"844\" data-end=\"877\"><strong data-start=\"848\" data-end=\"877\">Vorteile von Keto Power X<\/strong><\/h3>\n<ul data-start=\"879\" data-end=\"1154\">\n<li class=\"\" data-start=\"879\" data-end=\"922\">\n<p class=\"\" data-start=\"881\" data-end=\"922\">Hilft beim Erreichen des Wunschgewichts<\/p>\n<\/li>\n<li class=\"\" data-start=\"923\" data-end=\"965\">\n<p class=\"\" data-start=\"925\" data-end=\"965\">Verbrennt K\u00f6rperfett als Energiequelle<\/p>\n<\/li>\n<li class=\"\" data-start=\"966\" data-end=\"992\">\n<p class=\"\" data-start=\"968\" data-end=\"992\">Aktiviert Fettreserven<\/p>\n<\/li>\n<li class=\"\" data-start=\"993\" data-end=\"1014\">\n<p class=\"\" data-start=\"995\" data-end=\"1014\">Gibt mehr Energie<\/p>\n<\/li>\n<li class=\"\" data-start=\"1015\" data-end=\"1039\">\n<p class=\"\" data-start=\"1017\" data-end=\"1039\">F\u00f6rdert Wohlbefinden<\/p>\n<\/li>\n<li class=\"\" data-start=\"1040\" data-end=\"1070\">\n<p class=\"\" data-start=\"1042\" data-end=\"1070\">St\u00e4rkt das Selbstvertrauen<\/p>\n<\/li>\n<li class=\"\" data-start=\"1071\" data-end=\"1097\">\n<p class=\"\" data-start=\"1073\" data-end=\"1097\">Unterst\u00fctzt die Ketose<\/p>\n<\/li>\n<li class=\"\" data-start=\"1098\" data-end=\"1124\">\n<p class=\"\" data-start=\"1100\" data-end=\"1124\">Verringert den Appetit<\/p>\n<\/li>\n<li class=\"\" data-start=\"1125\" data-end=\"1154\">\n<p class=\"\" data-start=\"1127\" data-end=\"1154\">F\u00f6rdert geistige Klarheit<\/p>\n<\/li>\n<\/ul>\n<hr class=\"\" data-start=\"1156\" data-end=\"1159\" \/>\n<h3 class=\"\" data-start=\"1161\" data-end=\"1192\"><strong data-start=\"1165\" data-end=\"1192\">Wie wirkt Keto Power X?<\/strong><\/h3>\n<p class=\"\" data-start=\"1194\" data-end=\"1355\">Normalerweise nutzt der K\u00f6rper Zucker aus Kohlenhydraten als Energie. Wenn es keine Kohlenhydrate gibt, muss er Fett verbrennen. Dieser Zustand hei\u00dft <strong data-start=\"1344\" data-end=\"1354\">Ketose<\/strong>.<\/p>\n<p class=\"\" data-start=\"1357\" data-end=\"1582\">Keto Power X enth\u00e4lt Wirkstoffe wie <strong data-start=\"1393\" data-end=\"1422\">BHB (Beta-Hydroxybutyrat)<\/strong> und <strong data-start=\"1427\" data-end=\"1441\">Apfelessig<\/strong>. Diese helfen dem K\u00f6rper, schneller in die Ketose zu kommen. Fett wird zur Hauptenergiequelle. So kann man schneller und einfacher abnehmen.<\/p>\n<h3 class=\"\" data-start=\"130\" data-end=\"172\"><strong data-start=\"134\" data-end=\"172\">F\u00fcr wen ist Keto Power X geeignet?<\/strong><\/h3>\n<p class=\"\" data-start=\"174\" data-end=\"322\">Keto Power X richtet sich an Erwachsene, die ihren Stoffwechsel verbessern und mehr Fett verbrennen m\u00f6chten. Besonders geeignet ist das Produkt f\u00fcr:<\/p>\n<ul data-start=\"324\" data-end=\"655\">\n<li class=\"\" data-start=\"324\" data-end=\"398\">\n<p class=\"\" data-start=\"326\" data-end=\"398\">Menschen, die eine <strong data-start=\"345\" data-end=\"389\">ketogene oder kohlenhydratarme Ern\u00e4hrung<\/strong> machen<\/p>\n<\/li>\n<li class=\"\" data-start=\"399\" data-end=\"478\">\n<p class=\"\" data-start=\"401\" data-end=\"478\">Personen, die <strong data-start=\"415\" data-end=\"446\">schwer in die Ketose kommen<\/strong> oder oft <strong data-start=\"456\" data-end=\"470\">Hei\u00dfhunger<\/strong> haben<\/p>\n<\/li>\n<li class=\"\" data-start=\"479\" data-end=\"565\">\n<p class=\"\" data-start=\"481\" data-end=\"565\">Menschen mit <strong data-start=\"494\" data-end=\"520\">langsamem Stoffwechsel<\/strong>, die nat\u00fcrliche Hilfe beim Abnehmen suchen<\/p>\n<\/li>\n<li class=\"\" data-start=\"566\" data-end=\"655\">\n<p class=\"\" data-start=\"568\" data-end=\"655\"><strong data-start=\"568\" data-end=\"601\">Sportler oder aktive Menschen<\/strong>, die beim Training eine gute Energiequelle brauchen<\/p>\n<\/li>\n<\/ul>\n<h3 class=\"\" data-start=\"1589\" data-end=\"1617\"><strong data-start=\"1593\" data-end=\"1617\">Wirkung im \u00dcberblick<\/strong><\/h3>\n<ul data-start=\"1619\" data-end=\"1904\">\n<li class=\"\" data-start=\"1619\" data-end=\"1697\">\n<p class=\"\" data-start=\"1621\" data-end=\"1697\"><strong data-start=\"1621\" data-end=\"1643\">Ketose aktivieren:<\/strong> BHB hilft dem K\u00f6rper, schneller in Ketose zu kommen<\/p>\n<\/li>\n<li class=\"\" data-start=\"1698\" data-end=\"1762\">\n<p class=\"\" data-start=\"1700\" data-end=\"1762\"><strong data-start=\"1700\" data-end=\"1720\">Fettverbrennung:<\/strong> Fett wird anstelle von Zucker verbrannt<\/p>\n<\/li>\n<li class=\"\" data-start=\"1763\" data-end=\"1836\">\n<p class=\"\" data-start=\"1765\" data-end=\"1836\"><strong data-start=\"1765\" data-end=\"1782\">Mehr Energie:<\/strong> Durch Fettverbrennung bekommt der K\u00f6rper mehr Kraft<\/p>\n<\/li>\n<li class=\"\" data-start=\"1837\" data-end=\"1904\">\n<p class=\"\" data-start=\"1839\" data-end=\"1904\"><strong data-start=\"1839\" data-end=\"1861\">Geistige Klarheit:<\/strong> Man f\u00fchlt sich wacher und konzentrierter<\/p>\n<\/li>\n<\/ul>\n<hr class=\"\" data-start=\"1906\" data-end=\"1909\" \/>\n<h3 class=\"\" data-start=\"1911\" data-end=\"1942\"><strong data-start=\"1915\" data-end=\"1942\">Besondere Inhaltsstoffe<\/strong><\/h3>\n<p class=\"\" data-start=\"1944\" data-end=\"1989\">Das Produkt enth\u00e4lt eine nat\u00fcrliche Mischung:<\/p>\n<h4 class=\"\" data-start=\"1991\" data-end=\"2025\"><strong data-start=\"1996\" data-end=\"2023\">1. Koreanischer Ginseng<\/strong><\/h4>\n<ul data-start=\"2026\" data-end=\"2162\">\n<li class=\"\" data-start=\"2026\" data-end=\"2054\">\n<p class=\"\" data-start=\"2028\" data-end=\"2054\">F\u00f6rdert den Stoffwechsel<\/p>\n<\/li>\n<li class=\"\" data-start=\"2055\" data-end=\"2083\">\n<p class=\"\" data-start=\"2057\" data-end=\"2083\">Verbrennt Fett schneller<\/p>\n<\/li>\n<li class=\"\" data-start=\"2084\" data-end=\"2105\">\n<p class=\"\" data-start=\"2086\" data-end=\"2105\">Gibt mehr Energie<\/p>\n<\/li>\n<li class=\"\" data-start=\"2106\" data-end=\"2133\">\n<p class=\"\" data-start=\"2108\" data-end=\"2133\">Hilft bei der Verdauung<\/p>\n<\/li>\n<li class=\"\" data-start=\"2134\" data-end=\"2162\">\n<p class=\"\" data-start=\"2136\" data-end=\"2162\">Reguliert den Blutzucker<\/p>\n<\/li>\n<\/ul>\n<h4 class=\"\" data-start=\"2164\" data-end=\"2190\"><strong data-start=\"2169\" data-end=\"2188\">2. Berberin HCL<\/strong><\/h4>\n<ul data-start=\"2191\" data-end=\"2325\">\n<li class=\"\" data-start=\"2191\" data-end=\"2226\">\n<p class=\"\" data-start=\"2193\" data-end=\"2226\">Unterst\u00fctzt den Insulinhaushalt<\/p>\n<\/li>\n<li class=\"\" data-start=\"2227\" data-end=\"2248\">\n<p class=\"\" data-start=\"2229\" data-end=\"2248\">F\u00f6rdert Fettabbau<\/p>\n<\/li>\n<li class=\"\" data-start=\"2249\" data-end=\"2286\">\n<p class=\"\" data-start=\"2251\" data-end=\"2286\">Verbessert den Cholesterinspiegel<\/p>\n<\/li>\n<li class=\"\" data-start=\"2287\" data-end=\"2325\">\n<p class=\"\" data-start=\"2289\" data-end=\"2325\">F\u00f6rdert die Stoffwechselgesundheit<\/p>\n<\/li>\n<\/ul>\n<h4 class=\"\" data-start=\"2327\" data-end=\"2356\"><strong data-start=\"2332\" data-end=\"2354\">3. Gr\u00fcntee-Extrakt<\/strong><\/h4>\n<ul data-start=\"2357\" data-end=\"2451\">\n<li class=\"\" data-start=\"2357\" data-end=\"2384\">\n<p class=\"\" data-start=\"2359\" data-end=\"2384\">Reich an Antioxidantien<\/p>\n<\/li>\n<li class=\"\" data-start=\"2385\" data-end=\"2416\">\n<p class=\"\" data-start=\"2387\" data-end=\"2416\">Unterst\u00fctzt Fettverbrennung<\/p>\n<\/li>\n<li class=\"\" data-start=\"2417\" data-end=\"2451\">\n<p class=\"\" data-start=\"2419\" data-end=\"2451\">F\u00f6rdert Energie und Gesundheit<\/p>\n<\/li>\n<\/ul>\n<h4 class=\"\" data-start=\"2453\" data-end=\"2477\"><strong data-start=\"2458\" data-end=\"2475\">4. Apfelessig<\/strong><\/h4>\n<ul data-start=\"2478\" data-end=\"2586\">\n<li class=\"\" data-start=\"2478\" data-end=\"2507\">\n<p class=\"\" data-start=\"2480\" data-end=\"2507\">Unterst\u00fctzt die Verdauung<\/p>\n<\/li>\n<li class=\"\" data-start=\"2508\" data-end=\"2528\">\n<p class=\"\" data-start=\"2510\" data-end=\"2528\">Senkt Hei\u00dfhunger<\/p>\n<\/li>\n<li class=\"\" data-start=\"2529\" data-end=\"2560\">\n<p class=\"\" data-start=\"2531\" data-end=\"2560\">Stabilisiert den Blutzucker<\/p>\n<\/li>\n<li class=\"\" data-start=\"2561\" data-end=\"2586\">\n<p class=\"\" data-start=\"2563\" data-end=\"2586\">Gut f\u00fcr die Darmflora<\/p>\n<\/li>\n<\/ul>\n<hr class=\"\" data-start=\"2588\" data-end=\"2591\" \/>\n<h3 class=\"\" data-start=\"2593\" data-end=\"2610\"><strong data-start=\"2597\" data-end=\"2610\">Anwendung<\/strong><\/h3>\n<p class=\"\" data-start=\"2612\" data-end=\"2789\">Die Einnahme ist einfach. Die Kapseln sollten t\u00e4glich mit Wasser eingenommen werden. Am besten vor einer Mahlzeit. F\u00fcr beste Ergebnisse sollte man sich kohlenhydratarm ern\u00e4hren.<\/p>\n<hr class=\"\" data-start=\"2791\" data-end=\"2794\" \/>\n<h3 class=\"\" data-start=\"2796\" data-end=\"2829\"><strong data-start=\"2800\" data-end=\"2829\">Erfahrungen von Anwendern<\/strong><\/h3>\n<blockquote data-start=\"2831\" data-end=\"2996\">\n<p class=\"\" data-start=\"2833\" data-end=\"2996\"><em data-start=\"2833\" data-end=\"2973\">\u201eMit zwei Kindern und einem stressigen Job blieb mir kaum Zeit f\u00fcr Sport. Keto Power X hat mir geholfen, trotzdem erfolgreich abzunehmen.\u201c<\/em><br data-start=\"2973\" data-end=\"2976\" \/>\u2013 <strong data-start=\"2978\" data-end=\"2996\">Anna, 34 Jahre<\/strong><\/p>\n<\/blockquote>\n<blockquote data-start=\"2998\" data-end=\"3095\">\n<p class=\"\" data-start=\"3000\" data-end=\"3095\"><em data-start=\"3000\" data-end=\"3070\">\u201eIch f\u00fchlte mich wacher und hatte mehr Energie \u2013 sogar ohne Kaffee!\u201c<\/em><br data-start=\"3070\" data-end=\"3073\" \/>\u2013 <strong data-start=\"3075\" data-end=\"3095\">Markus, 41 Jahre<\/strong><\/p>\n<\/blockquote>\n<blockquote data-start=\"3097\" data-end=\"3208\">\n<p class=\"\" data-start=\"3099\" data-end=\"3208\"><em data-start=\"3099\" data-end=\"3185\">\u201eMeine Hosen passen wieder! Die Kapseln sind einfach zu nehmen und wirken wirklich.\u201c<\/em><br data-start=\"3185\" data-end=\"3188\" \/>\u2013 <strong data-start=\"3190\" data-end=\"3208\">Lena, 28 Jahre<\/strong><\/p>\n<\/blockquote>\n<hr class=\"\" data-start=\"3210\" data-end=\"3213\" \/>\n<h3 class=\"\" data-start=\"3215\" data-end=\"3255\"><strong data-start=\"3219\" data-end=\"3255\">Nachteile (m\u00f6glich, aber selten)<\/strong><\/h3>\n<ul data-start=\"3257\" data-end=\"3383\">\n<li class=\"\" data-start=\"3257\" data-end=\"3321\">\n<p class=\"\" data-start=\"3259\" data-end=\"3321\">Kann bei empfindlichem Magen leichte Beschwerden verursachen<\/p>\n<\/li>\n<li class=\"\" data-start=\"3322\" data-end=\"3347\">\n<p class=\"\" data-start=\"3324\" data-end=\"3347\">Nur online erh\u00e4ltlich<\/p>\n<\/li>\n<li class=\"\" data-start=\"3348\" data-end=\"3383\">\n<p class=\"\" data-start=\"3350\" data-end=\"3383\">Wirkung h\u00e4ngt vom Lebensstil ab<\/p>\n<\/li>\n<\/ul>\n<hr class=\"\" data-start=\"3385\" data-end=\"3388\" \/>\n<h3 class=\"\" data-start=\"3390\" data-end=\"3429\"><strong data-start=\"3394\" data-end=\"3429\">Fazit: Lohnt sich Keto Power X?<\/strong><\/h3>\n<p class=\"\" data-start=\"3431\" data-end=\"3662\"><strong data-start=\"3431\" data-end=\"3438\">Ja.<\/strong> Die Kapseln sind eine gute Unterst\u00fctzung beim Abnehmen. Sie sind einfach zu verwenden und enthalten nur nat\u00fcrliche Inhaltsstoffe. Besonders geeignet sind sie f\u00fcr Menschen mit wenig Zeit, die trotzdem Fett verbrennen wollen.<\/p>\n<p class=\"\" data-start=\"3431\" data-end=\"3662\"><strong data-start=\"3669\" data-end=\"3678\">Tipp:<\/strong> Wer Keto Power X ausprobiert, sollte auf eine gesunde, kohlenhydratarme Ern\u00e4hrung achten. Bewegung hilft zus\u00e4tzlich.<\/p>\n<p class=\"\" data-start=\"3797\" data-end=\"3866\">\ud83d\udc49 <em data-start=\"3800\" data-end=\"3866\">Klicken Sie hier, um aktuelle Bewertungen und Angebote zu sehen.<\/em><\/p>\n<p data-start=\"3797\" data-end=\"3866\">\n        <div style=\"padding:5px;\">\n<div class=\"scroll-offer-box\">\n  <span class=\"offer-text\">\n   <a href=\"https:\/\/dr-siggelkow.de\/apotheke\/go\/keto-power-x-\" target=\"_blank\" style=\"color: black;\"><strong>SPAREN SIE 70% HEUTE!<\/strong> <\/a>\n<a href=\"https:\/\/dr-siggelkow.de\/apotheke\/go\/keto-power-x-\" target=\"_blank\" class=\"offer-btn\">Gutscheincode!!<\/a><\/span>\n<\/div>\n        <\/div><\/p>\n","protected":false},"excerpt":{"rendered":"<p>Keto Power X Erfahrungen Keto Power X hilft Menschen, die mehr K\u00f6rperfett verbrennen und in die Ketose kommen m\u00f6chten. Die spezielle Formel enth\u00e4lt nat\u00fcrliche Pflanzenstoffe und wichtige N\u00e4hrstoffe. Diese f\u00f6rdern den Stoffwechsel, halten den Blutzucker im Gleichgewicht und geben dem K\u00f6rper langanhaltende Energie aus Fettreserven. Dieses Produkt ist besonders n\u00fctzlich f\u00fcr Menschen, die eine kohlenhydratarme &#8230; <a title=\"Keto Power X\" class=\"read-more\" href=\"https:\/\/dr-siggelkow.de\/apotheke\/product\/keto-power-x\/\" aria-label=\"Mehr Informationen \u00fcber Keto Power X\">Weiterlesen &#8230;<\/a><\/p>\n","protected":false},"featured_media":129,"comment_status":"open","ping_status":"closed","template":"","meta":[],"product_brand":[],"product_cat":[17],"product_tag":[],"class_list":{"0":"post-107","1":"product","2":"type-product","3":"status-publish","4":"has-post-thumbnail","6":"product_cat-diaet","7":"sales-flash-overlay","8":"woocommerce-text-align-center","9":"woocommerce-image-align-center","10":"do-quantity-buttons","12":"first","13":"instock","14":"sale","15":"shipping-taxable","16":"product-type-external"},"_links":{"self":[{"href":"https:\/\/dr-siggelkow.de\/apotheke\/wp-json\/wp\/v2\/product\/107","targetHints":{"allow":["GET"]}}],"collection":[{"href":"https:\/\/dr-siggelkow.de\/apotheke\/wp-json\/wp\/v2\/product"}],"about":[{"href":"https:\/\/dr-siggelkow.de\/apotheke\/wp-json\/wp\/v2\/types\/product"}],"replies":[{"embeddable":true,"href":"https:\/\/dr-siggelkow.de\/apotheke\/wp-json\/wp\/v2\/comments?post=107"}],"wp:featuredmedia":[{"embeddable":true,"href":"https:\/\/dr-siggelkow.de\/apotheke\/wp-json\/wp\/v2\/media\/129"}],"wp:attachment":[{"href":"https:\/\/dr-siggelkow.de\/apotheke\/wp-json\/wp\/v2\/media?parent=107"}],"wp:term":[{"taxonomy":"product_brand","embeddable":true,"href":"https:\/\/dr-siggelkow.de\/apotheke\/wp-json\/wp\/v2\/product_brand?post=107"},{"taxonomy":"product_cat","embeddable":true,"href":"https:\/\/dr-siggelkow.de\/apotheke\/wp-json\/wp\/v2\/product_cat?post=107"},{"taxonomy":"product_tag","embeddable":true,"href":"https:\/\/dr-siggelkow.de\/apotheke\/wp-json\/wp\/v2\/product_tag?post=107"}],"curies":[{"name":"wp","href":"https:\/\/api.w.org\/{rel}","templated":true}]}}